{"id":1324,"date":"2024-08-06T21:53:18","date_gmt":"2024-08-06T21:53:18","guid":{"rendered":"https:\/\/openheartfield.com\/about-2\/"},"modified":"2025-06-05T09:50:01","modified_gmt":"2025-06-05T09:50:01","slug":"about-2","status":"publish","type":"page","link":"https:\/\/openheartfield.com\/lt\/about-2\/","title":{"rendered":"About"},"content":{"rendered":"<div class=\"wp-block-uagb-container uagb-block-3ad17e27 alignfull uagb-is-root-container\"><div class=\"uagb-container-inner-blocks-wrap\"><div class=\"wp-block-uagb-advanced-heading uagb-block-8a1eebc0\"><h1 class=\"uagb-heading-text\">Apie Mane<\/h1><\/div><\/div><\/div><div class=\"wp-block-uagb-container uagb-block-pqyzyqdo alignfull uagb-is-root-container\"><div class=\"uagb-container-inner-blocks-wrap\"><div class=\"wp-block-uagb-image alignleft uagb-block-tbv3b6cl wp-block-uagb-image--layout-default wp-block-uagb-image--effect-static wp-block-uagb-image--align-left\"><figure class=\"wp-block-uagb-image__figure\"><img loading=\"lazy\" decoding=\"async\" srcset=\"https:\/\/openheartfield.com\/wp-content\/uploads\/2025\/06\/1748771583242-3-768x1024.jpg ,https:\/\/openheartfield.com\/wp-content\/uploads\/2025\/06\/1748771583242-3-scaled.jpg 780w, https:\/\/openheartfield.com\/wp-content\/uploads\/2025\/06\/1748771583242-3-scaled.jpg 360w\" sizes=\"(max-width: 480px) 150px\" src=\"https:\/\/openheartfield.com\/wp-content\/uploads\/2025\/06\/1748771583242-3-768x1024.jpg\" alt=\"\" class=\"uag-image-2888\" width=\"449\" height=\"500\" title=\"1748771583242\" role=\"img\"\/><\/figure><\/div>\n\n<div class=\"wp-block-uagb-container uagb-block-fxi5g4zv\"><div class=\"wp-block-uagb-info-box uagb-block-xhmot6mn uagb-infobox__content-wrap  uagb-infobox-icon-above-title uagb-infobox-image-valign-top\"><div class=\"uagb-ifb-content\"><div class=\"uagb-ifb-title-wrap\"><h1 class=\"uagb-ifb-title\">Saul\u0117 \u0160altyt\u0117<\/h1><\/div><p class=\"uagb-ifb-desc\"><strong>Sveika, gra\u017eioji siela! <\/strong>Esu Saul\u0117 \u0160altyt\u0117, atsidavusi \u0161eimos konsteliacij\u0173 vedl\u0117, vizuali meninink\u0117 ir intuityvi lyder\u0117. Mano misija \u2013 pad\u0117ti \u017emon\u0117ms gyventi pilnesn\u012f gyvenim\u0105, kurti gil\u0173 ir autenti\u0161k\u0105 ry\u0161\u012f, atverti \u0161ird\u012f gijimui ir transformacijai. A\u0161 einu savo keliu, vadovaudamasi intuicija ir \u0161irdimi, gaudama gaires ir i\u0161mint\u012f i\u0161 savo intuicijos, sapn\u0173, meditacij\u0173, kurias naudoju, kad palaiky\u010diau jus j\u016bs\u0173 kelyje. <br><strong>Mano Darbas<\/strong><br>Vedu grup\u0117s seminarus, online seminarus ir priva\u010dias sesijas. Dirbu kaip \u0161eimos konsteliacij\u0173 vedl\u0117, kad pad\u0117\u010diau atskleisti ir i\u0161spr\u0119sti pasl\u0117ptas dinamikas j\u016bs\u0173 gyvenime. Mano metodai pabr\u0117\u017eia jausm\u0173, \u012fk\u016bnijimo, integralumo svarb\u0105, siekiant pasiekti gil\u0173 gijim\u0105 ir transformacij\u0105.<br> Vedu \u201eRy\u0161ys Per Men\u0105\u201c dirbtuves, meno pamokas tiek gyvai, tiek internetu. \u0160ios sesijos skirtos pad\u0117ti tyrin\u0117ti ir k\u016brybi\u0161kai i\u0161reik\u0161ti j\u016bs\u0173 vidin\u012f pasaul\u012f. Si\u016blant jums unikal\u0173 keli\u0105 j\u016bs\u0173 \u012fgalinimui.<br>Si\u016blau palaikymo sesijas, kurios skirtos palaikyti jus gyvenimo kelion\u0117je, sprend\u017eiant, nagrin\u0117jant \u012fvairius aspektus, priklausomai nuo to, kur jau\u010diate did\u017eiausi\u0105 poreik\u012f \u2013 tai gali b\u016bti j\u016bs\u0173 santykiai su savimi, kitais, karjera, \u012fgalinimas, finansai, \u0161eima, nei\u0161spr\u0119sti praeities sunkumai, sveikata ar kiti asmeniniai i\u0161\u0161\u016bkiai.<br><strong>Menas ir K\u016brybi\u0161kumas<\/strong><br>Tikiu k\u016brybi\u0161kumo galia, kuri gali pad\u0117ti gydyti ir transformuoti. Menas man labai pad\u0117jo mano kelyje. K\u016brybi\u0161kumas yra pagrindas. Jei gyvename k\u016brybi\u0161kai, kiekvien\u0105 akimirk\u0105 leid\u017eiame sau b\u016bti laisviems, autenti\u0161kiems, susijungti su savo vidumi, kitais, su pasauliu, atveriame savo \u0161irdis, galime matyti ir jausti giliai. Mano misija \u2013 \u012fkv\u0117pti ir puosel\u0117ti j\u016bs\u0173 k\u016brybin\u0119 dvasi\u0105, i\u0161mokyti metod\u0173 ir \u012franki\u0173, kuriuos galite naudoti savo k\u016brybinei savirai\u0161kai.<br><strong>Vertyb\u0117s<\/strong><br>Integralumas, autenti\u0161kumas ir k\u016brybi\u0161kumas yra viso, k\u0105 darau, \u0161irdyje. A\u0161 aistringai siekiu pad\u0117ti jums integruoti visas savo dalis, gerbti savo emocijas, gerbti save ir savo keli\u0105, i\u0161pl\u0117sti savo k\u016brybin\u012f potencial\u0105, pilnai gyventi ir m\u0117gautis gyvenimu.<br><strong>Continuous Learning<\/strong><br>A\u0161 mokiausi su Barbar Morgan, Ge\u0161talto psichoterapeut\u0119, labai patyrusi\u0105 \u0161eimos konsteliacij\u0173 vedl\u0119, kuri mok\u0117si pas Bert Hellinger. Taip pat mokiausi pas Stephan Hausner, Ty Francis. Nuolat mokausi, augu, dalyvauju supervizijos sesijose. \u0160iuo metu taip pat studijuoju integruot\u0105 k\u016bno terapij\u0105. <br><\/p><\/div><\/div>\n\n<div class=\"wp-block-uagb-buttons uagb-buttons__outer-wrap uagb-btn__default-btn uagb-btn-tablet__default-btn uagb-btn-mobile__default-btn uagb-block-3ozlkd4j\"><div class=\"uagb-buttons__wrap uagb-buttons-layout-wrap\"><div class=\"wp-block-uagb-buttons-child uagb-buttons__outer-wrap uagb-block-xyp5itry wp-block-button\"><div class=\"uagb-button__wrapper\"><a class=\"uagb-buttons-repeater wp-block-button__link\" aria-label=\"\" href=\"#\" rel=\"follow noopener\" target=\"_self\" role=\"button\"><div class=\"uagb-button__link\">Susisiekti<\/div><\/a><\/div><\/div><\/div><\/div><\/div><\/div><\/div><div class=\"wp-block-uagb-container uagb-block-f8ec2bd3 alignfull uagb-is-root-container\"><div class=\"uagb-container-inner-blocks-wrap\"><div class=\"wp-block-uagb-advanced-heading uagb-block-e874992d\"><h4 class=\"uagb-heading-text\">Prisijunkite prie sav\u0119s atradimo ir transformacijos kelion\u0117s. Ar tai b\u016bt\u0173 konsteliacij\u0173 darbas, menas,  palaikymo sesijos, a\u0161 esu \u010dia, kad palaiky\u010diau jus ie\u0161kant pusiausvyros, gijimo, k\u016brybin\u0117s savirai\u0161kos ir \u012fsigalinimo.<\/h4><\/div>\n\n<div class=\"wp-block-uagb-image aligncenter uagb-block-2d710799 wp-block-uagb-image--layout-default wp-block-uagb-image--effect-static wp-block-uagb-image--align-center\"><figure class=\"wp-block-uagb-image__figure\"><img loading=\"lazy\" decoding=\"async\" srcset=\"https:\/\/openheartfield.com\/wp-content\/uploads\/2024\/10\/away_path_forest_hiking_0-1024x768.jpg ,https:\/\/openheartfield.com\/wp-content\/uploads\/2024\/10\/away_path_forest_hiking_0-scaled.jpg 780w, https:\/\/openheartfield.com\/wp-content\/uploads\/2024\/10\/away_path_forest_hiking_0-scaled.jpg 360w\" sizes=\"(max-width: 480px) 150px\" src=\"https:\/\/openheartfield.com\/wp-content\/uploads\/2024\/10\/away_path_forest_hiking_0-1024x768.jpg\" alt=\"\" class=\"uag-image-2628\" width=\"847\" height=\"636\" title=\"away_path_forest_hiking_0\" role=\"img\"\/><\/figure><\/div><\/div><\/div><div class=\"wp-block-uagb-container uagb-block-61e8ac2a alignfull uagb-is-root-container\"><div class=\"uagb-container-inner-blocks-wrap\"><div class=\"wp-block-uagb-image aligncenter uagb-block-052b1f4c wp-block-uagb-image--layout-default wp-block-uagb-image--effect-static wp-block-uagb-image--align-center\"><figure class=\"wp-block-uagb-image__figure\"><img loading=\"lazy\" decoding=\"async\" srcset=\"https:\/\/openheartfield.com\/wp-content\/uploads\/2021\/11\/quotes.svg ,https:\/\/openheartfield.com\/wp-content\/uploads\/2021\/11\/quotes.svg 780w, https:\/\/openheartfield.com\/wp-content\/uploads\/2021\/11\/quotes.svg 360w\" sizes=\"(max-width: 480px) 150px\" src=\"https:\/\/openheartfield.com\/wp-content\/uploads\/2021\/11\/quotes.svg\" alt=\"\" class=\"uag-image-117\" width=\"37\" height=\"38\" title=\"quotes\" role=\"img\"\/><\/figure><\/div>\n\n<div class=\"wp-block-uagb-info-box uagb-block-54aaf525 uagb-infobox__content-wrap  uagb-infobox-icon-below-title uagb-infobox-image-valign-top\"><div class=\"uagb-ifb-content\"><div class=\"uagb-ifb-title-wrap\"><h4 class=\"uagb-ifb-title\">\u201c<em>Pievoje, pilnoje g\u0117li\u0173, negalite vaik\u0161\u010dioti, kv\u0117puoti tais kvapais ir matyti visas tas spalvas ir likti piktais. Turime palaikyti gyvenimo gro\u017e\u012f, poezij\u0105.<\/em>\u201d<\/h4><\/div><div class=\"uagb-ifb-image-content\"><img loading=\"lazy\" decoding=\"async\" src=\"https:\/\/openheartfield.com\/wp-content\/uploads\/2024\/09\/Jonas_Mekas_in_Birzai_Lithuania_1971_cropped-150x150.jpg\" alt=\"\" width=\"50\" height=\"50\"\/><\/div><p class=\"uagb-ifb-desc\">Jonas Mekas<\/p><\/div><\/div><\/div><\/div>","protected":false},"excerpt":{"rendered":"<p>About me Join me on a journey of self-discovery and transformation. Whether through constellation work, art, or integrated body therapy, I am here to support you in finding balance, healing, and creative expression.<\/p>","protected":false},"author":1,"featured_media":0,"parent":0,"menu_order":0,"comment_status":"closed","ping_status":"closed","template":"","meta":{"_uag_custom_page_level_css":"","_monsterinsights_skip_tracking":false,"_monsterinsights_sitenote_active":false,"_monsterinsights_sitenote_note":"","_monsterinsights_sitenote_category":0,"site-sidebar-layout":"no-sidebar","site-content-layout":"page-builder","ast-site-content-layout":"full-width-container","site-content-style":"unboxed","site-sidebar-style":"default","ast-global-header-display":"","ast-banner-title-visibility":"","ast-main-header-display":"","ast-hfb-above-header-display":"","ast-hfb-below-header-display":"","ast-hfb-mobile-header-display":"","site-post-title":"disabled","ast-breadcrumbs-content":"","ast-featured-img":"disabled","footer-sml-layout":"","theme-transparent-header-meta":"enabled","adv-header-id-meta":"","stick-header-meta":"","header-above-stick-meta":"","header-main-stick-meta":"","header-below-stick-meta":"","astra-migrate-meta-layouts":"set","ast-page-background-enabled":"default","ast-page-background-meta":{"desktop":{"background-color":"var(--ast-global-color-4)","background-image":"","background-repeat":"repeat","background-position":"center center","background-size":"auto","background-attachment":"scroll","background-type":"","background-media":"","overlay-type":"","overlay-color":"","overlay-opacity":"","overlay-gradient":""},"tablet":{"background-color":"","background-image":"","background-repeat":"repeat","background-position":"center center","background-size":"auto","background-attachment":"scroll","background-type":"","background-media":"","overlay-type":"","overlay-color":"","overlay-opacity":"","overlay-gradient":""},"mobile":{"background-color":"","background-image":"","background-repeat":"repeat","background-position":"center center","background-size":"auto","background-attachment":"scroll","background-type":"","background-media":"","overlay-type":"","overlay-color":"","overlay-opacity":"","overlay-gradient":""}},"ast-content-background-meta":{"desktop":{"background-color":"var(--ast-global-color-5)","background-image":"","background-repeat":"repeat","background-position":"center center","background-size":"auto","background-attachment":"scroll","background-type":"","background-media":"","overlay-type":"","overlay-color":"","overlay-opacity":"","overlay-gradient":""},"tablet":{"background-color":"var(--ast-global-color-5)","background-image":"","background-repeat":"repeat","background-position":"center center","background-size":"auto","background-attachment":"scroll","background-type":"","background-media":"","overlay-type":"","overlay-color":"","overlay-opacity":"","overlay-gradient":""},"mobile":{"background-color":"var(--ast-global-color-5)","background-image":"","background-repeat":"repeat","background-position":"center center","background-size":"auto","background-attachment":"scroll","background-type":"","background-media":"","overlay-type":"","overlay-color":"","overlay-opacity":"","overlay-gradient":""}},"_vp_format_video_url":"","_vp_image_focal_point":[],"footnotes":""},"class_list":["post-1324","page","type-page","status-publish","hentry"],"aioseo_notices":[],"uagb_featured_image_src":{"full":false,"thumbnail":false,"medium":false,"medium_large":false,"large":false,"1536x1536":false,"2048x2048":false,"trp-custom-language-flag":false,"ultp_layout_landscape_large":false,"ultp_layout_landscape":false,"ultp_layout_portrait":false,"ultp_layout_square":false,"vp_sm":false,"vp_md":false,"vp_lg":false,"vp_xl":false,"vp_sm_popup":false,"vp_md_popup":false,"vp_xl_popup":false,"woocommerce_thumbnail":false,"woocommerce_single":false,"woocommerce_gallery_thumbnail":false},"uagb_author_info":{"display_name":"lietaussaule@gmail.com","author_link":"https:\/\/openheartfield.com\/lt\/author\/lietaussaulegmail-com\/"},"uagb_comment_info":0,"uagb_excerpt":"About me Join me on a journey of self-discovery and transformation. Whether through constellation work, art, or integrated body therapy, I am here to support you in finding balance, healing, and creative expression.","_links":{"self":[{"href":"https:\/\/openheartfield.com\/lt\/wp-json\/wp\/v2\/pages\/1324"}],"collection":[{"href":"https:\/\/openheartfield.com\/lt\/wp-json\/wp\/v2\/pages"}],"about":[{"href":"https:\/\/openheartfield.com\/lt\/wp-json\/wp\/v2\/types\/page"}],"author":[{"embeddable":true,"href":"https:\/\/openheartfield.com\/lt\/wp-json\/wp\/v2\/users\/1"}],"replies":[{"embeddable":true,"href":"https:\/\/openheartfield.com\/lt\/wp-json\/wp\/v2\/comments?post=1324"}],"version-history":[{"count":11,"href":"https:\/\/openheartfield.com\/lt\/wp-json\/wp\/v2\/pages\/1324\/revisions"}],"predecessor-version":[{"id":2889,"href":"https:\/\/openheartfield.com\/lt\/wp-json\/wp\/v2\/pages\/1324\/revisions\/2889"}],"wp:attachment":[{"href":"https:\/\/openheartfield.com\/lt\/wp-json\/wp\/v2\/media?parent=1324"}],"curies":[{"name":"wp","href":"https:\/\/api.w.org\/{rel}","templated":true}]}}