{"id":2278,"date":"2024-08-07T10:59:39","date_gmt":"2024-08-07T10:59:39","guid":{"rendered":"https:\/\/openheartfield.com\/?page_id=2278"},"modified":"2025-01-08T20:55:54","modified_gmt":"2025-01-08T20:55:54","slug":"what-i-offer","status":"publish","type":"page","link":"https:\/\/openheartfield.com\/lt\/what-i-offer\/","title":{"rendered":"K\u0105 a\u0161 si\u016blau"},"content":{"rendered":"<p><\/p><div class=\"wp-block-cover alignfull wp-duotone-unset-1\" style=\"margin-top:0;padding-top:48px;padding-right:48px;padding-bottom:48px;padding-left:48px;min-height:66vh;aspect-ratio:unset;\"><span aria-hidden=\"true\" class=\"wp-block-cover__background has-background-dim-30 has-background-dim\" style=\"background-color:#7c706b\"><\/span><img fetchpriority=\"high\" decoding=\"async\" width=\"1920\" height=\"1080\" class=\"wp-block-cover__image-background wp-image-2571\" alt=\"\" src=\"https:\/\/openheartfield.com\/wp-content\/uploads\/2024\/10\/p0722kk6.jpg\" data-object-fit=\"cover\" srcset=\"https:\/\/openheartfield.com\/wp-content\/uploads\/2024\/10\/p0722kk6.jpg 1920w, https:\/\/openheartfield.com\/wp-content\/uploads\/2024\/10\/p0722kk6-300x169.jpg 300w, https:\/\/openheartfield.com\/wp-content\/uploads\/2024\/10\/p0722kk6-1024x576.jpg 1024w, https:\/\/openheartfield.com\/wp-content\/uploads\/2024\/10\/p0722kk6-768x432.jpg 768w, https:\/\/openheartfield.com\/wp-content\/uploads\/2024\/10\/p0722kk6-1536x864.jpg 1536w, https:\/\/openheartfield.com\/wp-content\/uploads\/2024\/10\/p0722kk6-1320x743.jpg 1320w, https:\/\/openheartfield.com\/wp-content\/uploads\/2024\/10\/p0722kk6-600x338.jpg 600w\" sizes=\"(max-width: 1920px) 100vw, 1920px\" \/><div class=\"wp-block-cover__inner-container is-layout-flow wp-block-cover-is-layout-flow\"><div class=\"wp-block-group is-content-justification-left is-layout-constrained wp-container-core-group-is-layout-1 wp-block-group-is-layout-constrained\"><h2 class=\"wp-block-heading has-text-align-left has-white-color has-text-color\" style=\"font-size:100px;font-style:normal;font-weight:700;letter-spacing:0px;line-height:1;text-transform:uppercase\">K\u0105 a\u0161 si\u016blau<\/h2><\/div><\/div><\/div><div style=\"height:100px\" aria-hidden=\"true\" class=\"wp-block-spacer\"><\/div><div class=\"wp-block-uagb-container uagb-block-2fd566a8 alignfull uagb-is-root-container\"><div class=\"uagb-container-inner-blocks-wrap\"><div class=\"wp-block-uagb-container uagb-block-ae472501\"><div class=\"wp-block-uagb-image uagb-block-15efae4d wp-block-uagb-image--layout-default wp-block-uagb-image--effect-static wp-block-uagb-image--align-none\"><figure class=\"wp-block-uagb-image__figure\"><img loading=\"lazy\" decoding=\"async\" srcset=\"https:\/\/openheartfield.com\/wp-content\/uploads\/2024\/10\/poppy_green_poppy_flower_2-1024x683.jpg ,https:\/\/openheartfield.com\/wp-content\/uploads\/2024\/10\/poppy_green_poppy_flower_2-scaled.jpg 780w, https:\/\/openheartfield.com\/wp-content\/uploads\/2024\/10\/poppy_green_poppy_flower_2-scaled.jpg 360w\" sizes=\"(max-width: 480px) 150px\" src=\"https:\/\/openheartfield.com\/wp-content\/uploads\/2024\/10\/poppy_green_poppy_flower_2-1024x683.jpg\" alt=\"\" class=\"uag-image-2625\" width=\"570\" height=\"332\" title=\"poppy_green_poppy_flower_2\" role=\"img\"\/><\/figure><\/div><\/div>\n\n<div class=\"wp-block-uagb-container uagb-block-8db1018d\"><div class=\"wp-block-uagb-advanced-heading uagb-block-7951203c\"><h2 class=\"uagb-heading-text\"><a href=\"https:\/\/openheartfield.com\/lt\/upcoming-workshops\/\" title=\"\">Art\u0117jantys Renginiai<\/a><\/h2><\/div>\n\n<div class=\"wp-block-buttons is-layout-flex wp-block-buttons-is-layout-flex\"><div class=\"wp-block-button\"><a class=\"wp-block-button__link wp-element-button\" href=\"https:\/\/openheartfield.com\/lt\/upcoming-workshops\/\">Click Here For Upcoming Workshops<\/a><\/div><\/div><\/div><\/div><\/div><div style=\"height:100px\" aria-hidden=\"true\" class=\"wp-block-spacer\"><\/div><div class=\"wp-block-uagb-container uagb-block-d3044f78 alignfull uagb-is-root-container\"><div class=\"uagb-container-inner-blocks-wrap\"><div class=\"wp-block-uagb-container uagb-block-37966d0a\"><div class=\"wp-block-uagb-image uagb-block-aa120c4c wp-block-uagb-image--layout-default wp-block-uagb-image--effect-static wp-block-uagb-image--align-none\"><figure class=\"wp-block-uagb-image__figure\"><img loading=\"lazy\" decoding=\"async\" srcset=\"https:\/\/openheartfield.com\/wp-content\/uploads\/2024\/10\/flower_flowers_purple_purple-683x1024.jpg ,https:\/\/openheartfield.com\/wp-content\/uploads\/2024\/10\/flower_flowers_purple_purple-scaled.jpg 780w, https:\/\/openheartfield.com\/wp-content\/uploads\/2024\/10\/flower_flowers_purple_purple-scaled.jpg 360w\" sizes=\"(max-width: 480px) 150px\" src=\"https:\/\/openheartfield.com\/wp-content\/uploads\/2024\/10\/flower_flowers_purple_purple-683x1024.jpg\" alt=\"\" class=\"uag-image-2633\" width=\"313\" height=\"468\" title=\"flower_flowers_purple_purple\" role=\"img\"\/><\/figure><\/div><\/div>\n\n<div class=\"wp-block-uagb-container uagb-block-67908b76\"><div class=\"wp-block-uagb-advanced-heading uagb-block-6953b6a4\"><h2 class=\"uagb-heading-text\"><a href=\"https:\/\/openheartfield.com\/lt\/services\/\" title=\"\">\u0160eimos Konsteliacijos<\/a><\/h2><\/div>\n\n<div class=\"wp-block-buttons is-layout-flex wp-block-buttons-is-layout-flex\"><div class=\"wp-block-button\"><a class=\"wp-block-button__link wp-element-button\" href=\"https:\/\/openheartfield.com\/lt\/services\/\">Click Here For Family Constellations<\/a><\/div><\/div><\/div><\/div><\/div><div style=\"height:100px\" aria-hidden=\"true\" class=\"wp-block-spacer\"><\/div><div class=\"wp-block-uagb-container uagb-block-a231cac3 alignfull uagb-is-root-container\"><div class=\"uagb-container-inner-blocks-wrap\"><div class=\"wp-block-uagb-container uagb-block-c14ed3fd\"><figure class=\"wp-block-image size-large is-resized\"><img decoding=\"async\" width=\"1024\" height=\"683\" src=\"https:\/\/openheartfield.com\/wp-content\/uploads\/2025\/01\/pexels-merictuna-30132151-1-1024x683.jpg\" alt=\"\" class=\"wp-image-2854\" style=\"width:539px;height:auto\" srcset=\"https:\/\/openheartfield.com\/wp-content\/uploads\/2025\/01\/pexels-merictuna-30132151-1-1024x683.jpg 1024w, https:\/\/openheartfield.com\/wp-content\/uploads\/2025\/01\/pexels-merictuna-30132151-1-300x200.jpg 300w, https:\/\/openheartfield.com\/wp-content\/uploads\/2025\/01\/pexels-merictuna-30132151-1-768x512.jpg 768w, https:\/\/openheartfield.com\/wp-content\/uploads\/2025\/01\/pexels-merictuna-30132151-1-1536x1024.jpg 1536w, https:\/\/openheartfield.com\/wp-content\/uploads\/2025\/01\/pexels-merictuna-30132151-1-2048x1365.jpg 2048w, https:\/\/openheartfield.com\/wp-content\/uploads\/2025\/01\/pexels-merictuna-30132151-1-18x12.jpg 18w, https:\/\/openheartfield.com\/wp-content\/uploads\/2025\/01\/pexels-merictuna-30132151-1-500x333.jpg 500w, https:\/\/openheartfield.com\/wp-content\/uploads\/2025\/01\/pexels-merictuna-30132151-1-800x533.jpg 800w, https:\/\/openheartfield.com\/wp-content\/uploads\/2025\/01\/pexels-merictuna-30132151-1-1280x853.jpg 1280w, https:\/\/openheartfield.com\/wp-content\/uploads\/2025\/01\/pexels-merictuna-30132151-1-1920x1280.jpg 1920w, https:\/\/openheartfield.com\/wp-content\/uploads\/2025\/01\/pexels-merictuna-30132151-1-600x400.jpg 600w\" sizes=\"(max-width: 1024px) 100vw, 1024px\" \/><\/figure><\/div>\n\n<div class=\"wp-block-uagb-container uagb-block-9234ea32\"><div class=\"wp-block-uagb-advanced-heading uagb-block-e3f0148a\"><h2 class=\"uagb-heading-text\"><a href=\"https:\/\/openheartfield.com\/lt\/psychic-mediumship-reading\/\" title=\"\">Psychic\/Mediumship Readings<\/a><\/h2><\/div>\n\n<div class=\"wp-block-buttons is-layout-flex wp-block-buttons-is-layout-flex\"><div class=\"wp-block-button\"><a class=\"wp-block-button__link wp-element-button\" href=\"https:\/\/openheartfield.com\/lt\/psychic-mediumship-reading\/\">Click Here fro Psychic\/Mediumship Reading<\/a><\/div><\/div><\/div><\/div><\/div><div style=\"height:100px\" aria-hidden=\"true\" class=\"wp-block-spacer\"><\/div><div class=\"wp-block-uagb-container uagb-block-14a711e0 alignfull uagb-is-root-container\"><div class=\"uagb-container-inner-blocks-wrap\"><div class=\"wp-block-uagb-container uagb-block-2d9db869\"><figure class=\"wp-block-image size-large is-resized\"><img decoding=\"async\" width=\"684\" height=\"1024\" src=\"https:\/\/openheartfield.com\/wp-content\/uploads\/2024\/11\/boston-public-library-_f9cP4_unmg-unsplash-684x1024.jpg\" alt=\"\" class=\"wp-image-2753\" style=\"width:348px;height:auto\" srcset=\"https:\/\/openheartfield.com\/wp-content\/uploads\/2024\/11\/boston-public-library-_f9cP4_unmg-unsplash-684x1024.jpg 684w, https:\/\/openheartfield.com\/wp-content\/uploads\/2024\/11\/boston-public-library-_f9cP4_unmg-unsplash-200x300.jpg 200w, https:\/\/openheartfield.com\/wp-content\/uploads\/2024\/11\/boston-public-library-_f9cP4_unmg-unsplash-768x1150.jpg 768w, https:\/\/openheartfield.com\/wp-content\/uploads\/2024\/11\/boston-public-library-_f9cP4_unmg-unsplash-1026x1536.jpg 1026w, https:\/\/openheartfield.com\/wp-content\/uploads\/2024\/11\/boston-public-library-_f9cP4_unmg-unsplash-1368x2048.jpg 1368w, https:\/\/openheartfield.com\/wp-content\/uploads\/2024\/11\/boston-public-library-_f9cP4_unmg-unsplash-500x748.jpg 500w, https:\/\/openheartfield.com\/wp-content\/uploads\/2024\/11\/boston-public-library-_f9cP4_unmg-unsplash-800x1198.jpg 800w, https:\/\/openheartfield.com\/wp-content\/uploads\/2024\/11\/boston-public-library-_f9cP4_unmg-unsplash-1280x1916.jpg 1280w, https:\/\/openheartfield.com\/wp-content\/uploads\/2024\/11\/boston-public-library-_f9cP4_unmg-unsplash-1920x2874.jpg 1920w, https:\/\/openheartfield.com\/wp-content\/uploads\/2024\/11\/boston-public-library-_f9cP4_unmg-unsplash-600x898.jpg 600w, https:\/\/openheartfield.com\/wp-content\/uploads\/2024\/11\/boston-public-library-_f9cP4_unmg-unsplash-scaled.jpg 1710w\" sizes=\"(max-width: 684px) 100vw, 684px\" \/><\/figure><\/div>\n\n<div class=\"wp-block-uagb-container uagb-block-c25abb88\"><div class=\"wp-block-uagb-advanced-heading uagb-block-f1bad40c\"><h2 class=\"uagb-heading-text\"><a href=\"https:\/\/openheartfield.com\/lt\/art-lessons\/\" title=\"\">Klasikin\u0117s Meno Pamokos<\/a><\/h2><\/div>\n\n<div class=\"wp-block-buttons is-layout-flex wp-block-buttons-is-layout-flex\"><div class=\"wp-block-button\"><a class=\"wp-block-button__link wp-element-button\" href=\"https:\/\/openheartfield.com\/lt\/art-lessons\/\">Click Here For Classical Art Lessons<\/a><\/div><\/div><\/div><\/div><\/div><div style=\"height:100px\" aria-hidden=\"true\" class=\"wp-block-spacer\"><\/div><div class=\"wp-block-uagb-container uagb-block-c807e2d6 alignfull uagb-is-root-container\"><div class=\"uagb-container-inner-blocks-wrap\"><div class=\"wp-block-uagb-container uagb-block-aea2e94f\"><div class=\"wp-block-uagb-image uagb-block-b1e5c55d wp-block-uagb-image--layout-default wp-block-uagb-image--effect-static wp-block-uagb-image--align-none\"><figure class=\"wp-block-uagb-image__figure\"><img loading=\"lazy\" decoding=\"async\" srcset=\"https:\/\/openheartfield.com\/wp-content\/uploads\/2024\/10\/uhygcsc-2-714x1024.jpg ,https:\/\/openheartfield.com\/wp-content\/uploads\/2024\/10\/uhygcsc-2-scaled.jpg 780w, https:\/\/openheartfield.com\/wp-content\/uploads\/2024\/10\/uhygcsc-2-scaled.jpg 360w\" sizes=\"(max-width: 480px) 150px\" src=\"https:\/\/openheartfield.com\/wp-content\/uploads\/2024\/10\/uhygcsc-2-714x1024.jpg\" alt=\"\" class=\"uag-image-2454\" width=\"289\" height=\"386\" title=\"uhygcsc-2\" role=\"img\"\/><\/figure><\/div><\/div>\n\n<div class=\"wp-block-uagb-container uagb-block-0fff388e\"><div class=\"wp-block-uagb-advanced-heading uagb-block-b0d1ffa7\"><h2 class=\"uagb-heading-text\"><a href=\"https:\/\/openheartfield.com\/lt\/connection-through-art-2\/\" title=\"\">Santykis Per Men\u0105<\/a><\/h2><\/div>\n\n<div class=\"wp-block-buttons is-layout-flex wp-block-buttons-is-layout-flex\"><div class=\"wp-block-button\"><a class=\"wp-block-button__link wp-element-button\" href=\"https:\/\/openheartfield.com\/lt\/connection-through-art-2\/\">Click Here For Connection Through Art<\/a><\/div><\/div><\/div><\/div><\/div><div style=\"height:100px\" aria-hidden=\"true\" class=\"wp-block-spacer\"><\/div><div class=\"wp-block-uagb-container uagb-block-cc5d42ed alignfull uagb-is-root-container\"><div class=\"uagb-container-inner-blocks-wrap\"><div class=\"wp-block-uagb-container uagb-block-6f446a2e\"><div class=\"wp-block-uagb-image uagb-block-bcc0078b wp-block-uagb-image--layout-default wp-block-uagb-image--effect-static wp-block-uagb-image--align-none\"><figure class=\"wp-block-uagb-image__figure\"><img loading=\"lazy\" decoding=\"async\" srcset=\"https:\/\/openheartfield.com\/wp-content\/uploads\/2024\/10\/lily_flower_natural_plant-1024x678.jpg ,https:\/\/openheartfield.com\/wp-content\/uploads\/2024\/10\/lily_flower_natural_plant-scaled.jpg 780w, https:\/\/openheartfield.com\/wp-content\/uploads\/2024\/10\/lily_flower_natural_plant-scaled.jpg 360w\" sizes=\"(max-width: 480px) 150px\" src=\"https:\/\/openheartfield.com\/wp-content\/uploads\/2024\/10\/lily_flower_natural_plant-1024x678.jpg\" alt=\"\" class=\"uag-image-2616\" width=\"477\" height=\"315\" title=\"lily_flower_natural_plant\" role=\"img\"\/><\/figure><\/div><\/div>\n\n<div class=\"wp-block-uagb-container uagb-block-525fe38b\"><div class=\"wp-block-uagb-advanced-heading uagb-block-fc7e23f6\"><h2 class=\"uagb-heading-text\"><a href=\"https:\/\/openheartfield.com\/lt\/support-sessions\/\" title=\"\">Palaikymo Sesijos<\/a><\/h2><\/div>\n\n<div class=\"wp-block-buttons is-layout-flex wp-block-buttons-is-layout-flex\"><div class=\"wp-block-button\"><a class=\"wp-block-button__link wp-element-button\" href=\"https:\/\/openheartfield.com\/lt\/support-sessions\/\">Click Here For Support Sessions<\/a><\/div><\/div><\/div><\/div><\/div><p><\/p><div style=\"height:100px\" aria-hidden=\"true\" class=\"wp-block-spacer\"><\/div><div class=\"wp-block-uagb-container uagb-block-e7ee3cb1 alignfull uagb-is-root-container\"><div class=\"uagb-container-inner-blocks-wrap\"><div class=\"wp-block-uagb-container uagb-block-25604ab3\"><figure class=\"wp-block-image size-large is-resized\"><img loading=\"lazy\" decoding=\"async\" width=\"1024\" height=\"768\" src=\"https:\/\/openheartfield.com\/wp-content\/uploads\/2024\/10\/tianhao-zhang-YdRIRl7Ic4o-unsplash-1-1024x768.jpg\" alt=\"\" class=\"wp-image-2740\" style=\"width:513px;height:auto\" srcset=\"https:\/\/openheartfield.com\/wp-content\/uploads\/2024\/10\/tianhao-zhang-YdRIRl7Ic4o-unsplash-1-1024x768.jpg 1024w, https:\/\/openheartfield.com\/wp-content\/uploads\/2024\/10\/tianhao-zhang-YdRIRl7Ic4o-unsplash-1-300x225.jpg 300w, https:\/\/openheartfield.com\/wp-content\/uploads\/2024\/10\/tianhao-zhang-YdRIRl7Ic4o-unsplash-1-768x576.jpg 768w, https:\/\/openheartfield.com\/wp-content\/uploads\/2024\/10\/tianhao-zhang-YdRIRl7Ic4o-unsplash-1-1536x1151.jpg 1536w, https:\/\/openheartfield.com\/wp-content\/uploads\/2024\/10\/tianhao-zhang-YdRIRl7Ic4o-unsplash-1-2048x1535.jpg 2048w, https:\/\/openheartfield.com\/wp-content\/uploads\/2024\/10\/tianhao-zhang-YdRIRl7Ic4o-unsplash-1-500x375.jpg 500w, https:\/\/openheartfield.com\/wp-content\/uploads\/2024\/10\/tianhao-zhang-YdRIRl7Ic4o-unsplash-1-800x600.jpg 800w, https:\/\/openheartfield.com\/wp-content\/uploads\/2024\/10\/tianhao-zhang-YdRIRl7Ic4o-unsplash-1-1280x959.jpg 1280w, https:\/\/openheartfield.com\/wp-content\/uploads\/2024\/10\/tianhao-zhang-YdRIRl7Ic4o-unsplash-1-1920x1439.jpg 1920w, https:\/\/openheartfield.com\/wp-content\/uploads\/2024\/10\/tianhao-zhang-YdRIRl7Ic4o-unsplash-1-600x450.jpg 600w\" sizes=\"(max-width: 1024px) 100vw, 1024px\" \/><\/figure><\/div>\n\n<div class=\"wp-block-uagb-container uagb-block-746fb651\"><div class=\"wp-block-uagb-advanced-heading uagb-block-6fdacef8\"><h2 class=\"uagb-heading-text\"><a href=\"https:\/\/openheartfield.com\/lt\/i-ching-oracle-reading\/\" title=\"\">I Ching Orakulo Skaitymas<\/a><\/h2><\/div>\n\n<div class=\"wp-block-uagb-buttons uagb-buttons__outer-wrap uagb-btn__default-btn uagb-btn-tablet__default-btn uagb-btn-mobile__default-btn uagb-block-5a2b412b\"><div class=\"uagb-buttons__wrap uagb-buttons-layout-wrap\"><div class=\"wp-block-uagb-buttons-child uagb-buttons__outer-wrap uagb-block-07a91bd7 wp-block-button\"><div class=\"uagb-button__wrapper\"><a class=\"uagb-buttons-repeater wp-block-button__link\" aria-label=\"\" href=\"\/\/openheartfield.com\/lt\/i-ching-oracle-reading\/\" rel=\"follow noopener\" target=\"_self\" role=\"button\"><div class=\"uagb-button__link\">Click Here For I Ching Oracle Reading<\/div><\/a><\/div><\/div><\/div><\/div><\/div><\/div><\/div>","protected":false},"excerpt":{"rendered":"<p>Upcoming Workshops Family Constellations Psychic\/Mediumship Readings Classical Art Lessons Connection Through Art Support Sessions I Ching Oracle Reading<\/p>","protected":false},"author":1,"featured_media":0,"parent":0,"menu_order":0,"comment_status":"closed","ping_status":"closed","template":"","meta":{"_uag_custom_page_level_css":"","_monsterinsights_skip_tracking":false,"_monsterinsights_sitenote_active":false,"_monsterinsights_sitenote_note":"","_monsterinsights_sitenote_category":0,"site-sidebar-layout":"default","site-content-layout":"","ast-site-content-layout":"default","site-content-style":"default","site-sidebar-style":"default","ast-global-header-display":"","ast-banner-title-visibility":"","ast-main-header-display":"","ast-hfb-above-header-display":"","ast-hfb-below-header-display":"","ast-hfb-mobile-header-display":"","site-post-title":"","ast-breadcrumbs-content":"","ast-featured-img":"","footer-sml-layout":"","theme-transparent-header-meta":"","adv-header-id-meta":"","stick-header-meta":"","header-above-stick-meta":"","header-main-stick-meta":"","header-below-stick-meta":"","astra-migrate-meta-layouts":"set","ast-page-background-enabled":"default","ast-page-background-meta":{"desktop":{"background-color":"var(--ast-global-color-4)","background-image":"","background-repeat":"repeat","background-position":"center center","background-size":"auto","background-attachment":"scroll","background-type":"","background-media":"","overlay-type":"","overlay-color":"","overlay-opacity":"","overlay-gradient":""},"tablet":{"background-color":"","background-image":"","background-repeat":"repeat","background-position":"center center","background-size":"auto","background-attachment":"scroll","background-type":"","background-media":"","overlay-type":"","overlay-color":"","overlay-opacity":"","overlay-gradient":""},"mobile":{"background-color":"","background-image":"","background-repeat":"repeat","background-position":"center center","background-size":"auto","background-attachment":"scroll","background-type":"","background-media":"","overlay-type":"","overlay-color":"","overlay-opacity":"","overlay-gradient":""}},"ast-content-background-meta":{"desktop":{"background-color":"var(--ast-global-color-5)","background-image":"","background-repeat":"repeat","background-position":"center center","background-size":"auto","background-attachment":"scroll","background-type":"","background-media":"","overlay-type":"","overlay-color":"","overlay-opacity":"","overlay-gradient":""},"tablet":{"background-color":"var(--ast-global-color-5)","background-image":"","background-repeat":"repeat","background-position":"center center","background-size":"auto","background-attachment":"scroll","background-type":"","background-media":"","overlay-type":"","overlay-color":"","overlay-opacity":"","overlay-gradient":""},"mobile":{"background-color":"var(--ast-global-color-5)","background-image":"","background-repeat":"repeat","background-position":"center center","background-size":"auto","background-attachment":"scroll","background-type":"","background-media":"","overlay-type":"","overlay-color":"","overlay-opacity":"","overlay-gradient":""}},"_vp_format_video_url":"","_vp_image_focal_point":[],"footnotes":""},"class_list":["post-2278","page","type-page","status-publish","hentry"],"aioseo_notices":[],"uagb_featured_image_src":{"full":false,"thumbnail":false,"medium":false,"medium_large":false,"large":false,"1536x1536":false,"2048x2048":false,"trp-custom-language-flag":false,"ultp_layout_landscape_large":false,"ultp_layout_landscape":false,"ultp_layout_portrait":false,"ultp_layout_square":false,"vp_sm":false,"vp_md":false,"vp_lg":false,"vp_xl":false,"vp_sm_popup":false,"vp_md_popup":false,"vp_xl_popup":false,"woocommerce_thumbnail":false,"woocommerce_single":false,"woocommerce_gallery_thumbnail":false},"uagb_author_info":{"display_name":"lietaussaule@gmail.com","author_link":"https:\/\/openheartfield.com\/lt\/author\/lietaussaulegmail-com\/"},"uagb_comment_info":0,"uagb_excerpt":"Upcoming Workshops Family Constellations Psychic\/Mediumship Readings Classical Art Lessons Connection Through Art Support Sessions I Ching Oracle Reading","_links":{"self":[{"href":"https:\/\/openheartfield.com\/lt\/wp-json\/wp\/v2\/pages\/2278"}],"collection":[{"href":"https:\/\/openheartfield.com\/lt\/wp-json\/wp\/v2\/pages"}],"about":[{"href":"https:\/\/openheartfield.com\/lt\/wp-json\/wp\/v2\/types\/page"}],"author":[{"embeddable":true,"href":"https:\/\/openheartfield.com\/lt\/wp-json\/wp\/v2\/users\/1"}],"replies":[{"embeddable":true,"href":"https:\/\/openheartfield.com\/lt\/wp-json\/wp\/v2\/comments?post=2278"}],"version-history":[{"count":5,"href":"https:\/\/openheartfield.com\/lt\/wp-json\/wp\/v2\/pages\/2278\/revisions"}],"predecessor-version":[{"id":2857,"href":"https:\/\/openheartfield.com\/lt\/wp-json\/wp\/v2\/pages\/2278\/revisions\/2857"}],"wp:attachment":[{"href":"https:\/\/openheartfield.com\/lt\/wp-json\/wp\/v2\/media?parent=2278"}],"curies":[{"name":"wp","href":"https:\/\/api.w.org\/{rel}","templated":true}]}}