{"id":2392,"date":"2024-09-18T19:47:22","date_gmt":"2024-09-18T19:47:22","guid":{"rendered":"https:\/\/openheartfield.com\/?page_id=2392"},"modified":"2025-04-28T09:10:26","modified_gmt":"2025-04-28T09:10:26","slug":"upcoming-workshops","status":"publish","type":"page","link":"https:\/\/openheartfield.com\/lt\/upcoming-workshops\/","title":{"rendered":"Art\u0117jantys Renginiai"},"content":{"rendered":"<div class=\"wp-block-uagb-container uagb-block-19835c52 alignfull uagb-is-root-container\"><div class=\"uagb-container-inner-blocks-wrap\"><div class=\"wp-block-uagb-container uagb-block-216bc1d3\"><figure class=\"wp-block-image size-large\"><img fetchpriority=\"high\" decoding=\"async\" width=\"1024\" height=\"574\" src=\"https:\/\/openheartfield.com\/wp-content\/uploads\/2025\/04\/Plakatas-Vilnius-Birzelis-1024x574.jpg\" alt=\"\" class=\"wp-image-2882\" srcset=\"https:\/\/openheartfield.com\/wp-content\/uploads\/2025\/04\/Plakatas-Vilnius-Birzelis-1024x574.jpg 1024w, https:\/\/openheartfield.com\/wp-content\/uploads\/2025\/04\/Plakatas-Vilnius-Birzelis-300x168.jpg 300w, https:\/\/openheartfield.com\/wp-content\/uploads\/2025\/04\/Plakatas-Vilnius-Birzelis-768x430.jpg 768w, https:\/\/openheartfield.com\/wp-content\/uploads\/2025\/04\/Plakatas-Vilnius-Birzelis-1536x861.jpg 1536w, https:\/\/openheartfield.com\/wp-content\/uploads\/2025\/04\/Plakatas-Vilnius-Birzelis-2048x1148.jpg 2048w, https:\/\/openheartfield.com\/wp-content\/uploads\/2025\/04\/Plakatas-Vilnius-Birzelis-18x10.jpg 18w, https:\/\/openheartfield.com\/wp-content\/uploads\/2025\/04\/Plakatas-Vilnius-Birzelis-500x280.jpg 500w, https:\/\/openheartfield.com\/wp-content\/uploads\/2025\/04\/Plakatas-Vilnius-Birzelis-800x448.jpg 800w, https:\/\/openheartfield.com\/wp-content\/uploads\/2025\/04\/Plakatas-Vilnius-Birzelis-1280x717.jpg 1280w, https:\/\/openheartfield.com\/wp-content\/uploads\/2025\/04\/Plakatas-Vilnius-Birzelis-1920x1076.jpg 1920w, https:\/\/openheartfield.com\/wp-content\/uploads\/2025\/04\/Plakatas-Vilnius-Birzelis-600x336.jpg 600w\" sizes=\"(max-width: 1024px) 100vw, 1024px\" \/><\/figure><\/div>\n\n<div class=\"wp-block-uagb-container uagb-block-a3fccb8d\"><div class=\"wp-block-uagb-advanced-heading uagb-block-0b4985a2\"><h2 class=\"uagb-heading-text\">\u0160eimos Konsteliacij\u0173 Seminaras, Bir\u017eelio 8, 11-17val. Vilnius, Antakalnis.<\/h2><\/div>\n\n<p>Kvie\u010diu \u012f \u0160eimos Konsteliacij\u0173 seminar\u0105 \u2013 Gegu\u017e\u0117s 31 (\u0160e\u0161tadien\u012f), Vilniuje, Antakalnyje | 11:00\u201317:00<\/p>\n\n<p>\u0160eimos konsteliacijos \u2013 tai gilus ir transformuojantis metodas, padedantis i\u0161narplioti pas\u0105moninius ry\u0161ius m\u016bs\u0173 \u0161eimos sistemoje, kurie gali slopinti gyvenimo t\u0117km\u0119, sukelti emocinius ar fizinius sunkumus, trukdyti kurti harmoningus santykius ar \u012fgyvendinti savo tikr\u0105 potencial\u0105.\nMetod\u0105 suk\u016br\u0117 vokie\u010di\u0173 psichoterapeutas Bertas Hellingeris, atskleid\u0119s, kad daugelio m\u016bs\u0173 problem\u0173 \u0161aknys gl\u016bdi giliai \u0161eimos istorijoje. Grupinio darbo metu atsiskleid\u017eia pasl\u0117ptos \u0161eimos dinamikos, o tai gali b\u016bti gili ir i\u0161laisvinanti patirtis.<br><br>Seminar\u0105 veda Saul\u0117 \u0160altyt\u0117, kuri:<br>.<\/p>\n\n<ul class=\"wp-block-list\"><li>Mok\u0117si pas Barbara Morgan \u2013 vien\u0105 i\u0161 labiausiai patyrusi\u0173 \u0161eimos konsteliacij\u0173 praktiki\u0173 Jungtin\u0117je Karalyst\u0117je, tiesiogiai per\u0117musi\u0105 \u017einias i\u0161 Berto Hellingerio. \u012egijo \u0160eimos Konsteliacij\u0173 vedimo certifikat\u0105.<\/li>\n\n<li>\u0160iuo metu toliau mokosi kaip Barbara Morgan praktikant\u0117 (apprentice).<\/li>\n\n<li>Veda individualias konsultacijas (gyvai ir online) bei seminarus Lietuvoje ir Airijoje.<\/li>\n\n<li>Studijuoja IBMT \u2013 Integruot\u0105 k\u016bno terapij\u0105, kur gilina supratim\u0105 apie psichosomatik\u0105.<\/li>\n\n<li>Turi menin\u012f i\u0161silavinim\u0105 ir veda \u201eSantykis per men\u0105\u201c seminarus, remdamasi didele intuityvios k\u016brybos patirtimi.<br>.<br>\u017dmoni\u0173 konsteliacij\u0173 i\u0161d\u0117stymui nesirenku i\u0161 anksto, pasirenku juos b\u016btent tuo momentu per seminar\u0105, tod\u0117l galimyb\u0117 konsteliacijai bus atvira visiems, \u017einoma priklausomai nuo grup\u0117s dyd\u017eio ne visi turi savo konsteliacijos i\u0161d\u0117stym\u0105 per seminar\u0105. Svarbu pabr\u0117\u017eti, jog ne nuo to priklauso j\u016bs\u0173 gijimas ir transformacija! Konsteliacijos veikia ne tik i\u0161d\u0117stant savo konsteliacij\u0105 bet ir b\u016bnant steb\u0117toju, reprezentuojant, da\u017enai tai veikia dar stipriau nei savo konstelicijos i\u0161d\u0117stymas.<\/li><\/ul>\n\n<p>Pridedu du trumpus video pasi\u017ei\u016br\u0117ti, kaip ma\u017edaug vyksta \u0161eimos konsteliacijos.<br>https:\/\/www.youtube.com\/watch?v=PSpW8cb6xns<br>https:\/\/www.youtube.com\/watch?v=XptlESg-T1I<\/p>\n\n<p><br>Seminaras skirtas \u017emon\u0117ms nuo 18 met\u0173 be dideli\u0173 psichikos sutrikim\u0173. Jeigu gali, pasidalinki su draugais.<\/p>\n\n<p>Kaina: 70 Eur, galimyb\u0117 mok\u0117ti 60, 50 ar 40 eur. tam, kam \u0161iuo metu yra finansini\u0173 sunkum\u0173.<br><br>Jeigu nori registruotis ar turi klausim\u0173 para\u0161yki man<\/p>\n\n<p>FB: Saul\u0117 \u0160altyt\u0117 <\/p>\n\n<p>email: open.heart.field@gmail.com.<\/p>\n\n<p> Tel. No. +37064435229<\/p>\n\n<p><br>Jeigu \u0161iuo metu darbas grup\u0117je tau netinka \u2013 si\u016blau individualias konsteliacijas gyvai arba internetu.<br>Link\u0117jimai,<br>Saul\u0117<\/p><\/div><\/div><\/div><div class=\"wp-block-uagb-buttons uagb-buttons__outer-wrap uagb-btn__default-btn uagb-btn-tablet__default-btn uagb-btn-mobile__default-btn uagb-block-21ac0505\"><div class=\"uagb-buttons__wrap uagb-buttons-layout-wrap\"><div class=\"wp-block-uagb-buttons-child uagb-buttons__outer-wrap uagb-block-5467db8a wp-block-button\"><div class=\"uagb-button__wrapper\"><a class=\"uagb-buttons-repeater wp-block-button__link\" aria-label=\"\" href=\"\/\/openheartfield.com\/lt\/contact\/\" rel=\"follow noopener\" target=\"_self\" role=\"button\"><div class=\"uagb-button__link\">Registracija<\/div><\/a><\/div><\/div><\/div><\/div>","protected":false},"excerpt":{"rendered":"<p>Family Constellations Wokrshop, June 8, 11-5pm. Vilnius, Lithuania. I invite you to the Family Constellation Seminar on Sunday, June 8 in Vilnius, Lithuania. 11-5pm. Family constellations are a method that can help you resolve obstacles in your life and move closer to the life you long for. It was created by the German psychotherapist Bert Hellinger, who discovered that many of our problems that cause suffering are actually entanglements in our family system. This is a method that will take place in a group, which can help bring out hidden family dynamics that affect us now, it is work with the family system, work with the shadow. This can be a deep, block-moving experience. The seminar will be led by Saul\u0117 \u0160altyt\u0117, whostudied with Barbara Morgan, one of the most experienced British psychotherapists and supervisors in Family and System Constellations, who took over the knowledge directly from Bert Hellinger, the pioneer of the method. I am attaching two short videos to see how family constellations work.https:\/\/www.youtube.com\/watch?v=PSpW8cb6xnshttps:\/\/www.youtube.com\/watch?v=XptlESg-T1I The seminar is intended for people over 18 years of age without major mental disorders. If you can, share with your friends. Price: 70eur. With the possibility to pay 60, 50 or 40 for those currently experiencing financial difficulties. If you want to register or have any questions, write to us on FB: Saul\u0117 \u0160altyt\u0117 email: open.heart.field@gmail.com. Tel. No. +37064435229 If the experience in a group is not right for you at the moment, I offer family constellations individually (privately) in person or online, contact me if this is right for you at the moment.Blessings,Saul\u0117<\/p>","protected":false},"author":1,"featured_media":0,"parent":0,"menu_order":0,"comment_status":"closed","ping_status":"closed","template":"","meta":{"_uag_custom_page_level_css":"","_monsterinsights_skip_tracking":false,"_monsterinsights_sitenote_active":false,"_monsterinsights_sitenote_note":"","_monsterinsights_sitenote_category":0,"site-sidebar-layout":"default","site-content-layout":"","ast-site-content-layout":"default","site-content-style":"default","site-sidebar-style":"default","ast-global-header-display":"","ast-banner-title-visibility":"","ast-main-header-display":"","ast-hfb-above-header-display":"","ast-hfb-below-header-display":"","ast-hfb-mobile-header-display":"","site-post-title":"","ast-breadcrumbs-content":"","ast-featured-img":"","footer-sml-layout":"","theme-transparent-header-meta":"","adv-header-id-meta":"","stick-header-meta":"","header-above-stick-meta":"","header-main-stick-meta":"","header-below-stick-meta":"","astra-migrate-meta-layouts":"set","ast-page-background-enabled":"default","ast-page-background-meta":{"desktop":{"background-color":"var(--ast-global-color-4)","background-image":"","background-repeat":"repeat","background-position":"center center","background-size":"auto","background-attachment":"scroll","background-type":"","background-media":"","overlay-type":"","overlay-color":"","overlay-opacity":"","overlay-gradient":""},"tablet":{"background-color":"","background-image":"","background-repeat":"repeat","background-position":"center center","background-size":"auto","background-attachment":"scroll","background-type":"","background-media":"","overlay-type":"","overlay-color":"","overlay-opacity":"","overlay-gradient":""},"mobile":{"background-color":"","background-image":"","background-repeat":"repeat","background-position":"center center","background-size":"auto","background-attachment":"scroll","background-type":"","background-media":"","overlay-type":"","overlay-color":"","overlay-opacity":"","overlay-gradient":""}},"ast-content-background-meta":{"desktop":{"background-color":"var(--ast-global-color-5)","background-image":"","background-repeat":"repeat","background-position":"center center","background-size":"auto","background-attachment":"scroll","background-type":"","background-media":"","overlay-type":"","overlay-color":"","overlay-opacity":"","overlay-gradient":""},"tablet":{"background-color":"var(--ast-global-color-5)","background-image":"","background-repeat":"repeat","background-position":"center center","background-size":"auto","background-attachment":"scroll","background-type":"","background-media":"","overlay-type":"","overlay-color":"","overlay-opacity":"","overlay-gradient":""},"mobile":{"background-color":"var(--ast-global-color-5)","background-image":"","background-repeat":"repeat","background-position":"center center","background-size":"auto","background-attachment":"scroll","background-type":"","background-media":"","overlay-type":"","overlay-color":"","overlay-opacity":"","overlay-gradient":""}},"_vp_format_video_url":"","_vp_image_focal_point":[],"footnotes":""},"class_list":["post-2392","page","type-page","status-publish","hentry"],"aioseo_notices":[],"uagb_featured_image_src":{"full":false,"thumbnail":false,"medium":false,"medium_large":false,"large":false,"1536x1536":false,"2048x2048":false,"trp-custom-language-flag":false,"ultp_layout_landscape_large":false,"ultp_layout_landscape":false,"ultp_layout_portrait":false,"ultp_layout_square":false,"vp_sm":false,"vp_md":false,"vp_lg":false,"vp_xl":false,"vp_sm_popup":false,"vp_md_popup":false,"vp_xl_popup":false,"woocommerce_thumbnail":false,"woocommerce_single":false,"woocommerce_gallery_thumbnail":false},"uagb_author_info":{"display_name":"lietaussaule@gmail.com","author_link":"https:\/\/openheartfield.com\/lt\/author\/lietaussaulegmail-com\/"},"uagb_comment_info":0,"uagb_excerpt":"Family Constellations Wokrshop, June 8, 11-5pm. Vilnius, Lithuania. I invite you to the Family Constellation Seminar on Sunday, June 8 in Vilnius, Lithuania. 11-5pm. Family constellations are a method that can help you resolve obstacles in your life and move closer to the life you long for. It was created by the German psychotherapist Bert&hellip;","_links":{"self":[{"href":"https:\/\/openheartfield.com\/lt\/wp-json\/wp\/v2\/pages\/2392"}],"collection":[{"href":"https:\/\/openheartfield.com\/lt\/wp-json\/wp\/v2\/pages"}],"about":[{"href":"https:\/\/openheartfield.com\/lt\/wp-json\/wp\/v2\/types\/page"}],"author":[{"embeddable":true,"href":"https:\/\/openheartfield.com\/lt\/wp-json\/wp\/v2\/users\/1"}],"replies":[{"embeddable":true,"href":"https:\/\/openheartfield.com\/lt\/wp-json\/wp\/v2\/comments?post=2392"}],"version-history":[{"count":17,"href":"https:\/\/openheartfield.com\/lt\/wp-json\/wp\/v2\/pages\/2392\/revisions"}],"predecessor-version":[{"id":2883,"href":"https:\/\/openheartfield.com\/lt\/wp-json\/wp\/v2\/pages\/2392\/revisions\/2883"}],"wp:attachment":[{"href":"https:\/\/openheartfield.com\/lt\/wp-json\/wp\/v2\/media?parent=2392"}],"curies":[{"name":"wp","href":"https:\/\/api.w.org\/{rel}","templated":true}]}}