{"id":2393,"date":"2024-09-18T19:47:22","date_gmt":"2024-09-18T19:47:22","guid":{"rendered":"https:\/\/openheartfield.com\/?page_id=2393"},"modified":"2025-02-05T13:23:25","modified_gmt":"2025-02-05T13:23:25","slug":"support-sessions","status":"publish","type":"page","link":"https:\/\/openheartfield.com\/lt\/support-sessions\/","title":{"rendered":"Palaikymo Sesijos"},"content":{"rendered":"<div class=\"wp-block-cover alignfull wp-duotone-unset-1\" style=\"margin-top:0;padding-top:48px;padding-right:48px;padding-bottom:48px;padding-left:48px;min-height:66vh;aspect-ratio:unset;\"><span aria-hidden=\"true\" class=\"wp-block-cover__background has-background-dim-40 has-background-dim\" style=\"background-color:#052801\"><\/span><img fetchpriority=\"high\" decoding=\"async\" width=\"2560\" height=\"1825\" class=\"wp-block-cover__image-background wp-image-2611\" alt=\"\" src=\"https:\/\/openheartfield.com\/wp-content\/uploads\/2024\/10\/poppies_nature_flowers_light-scaled.jpg\" style=\"object-position:56% 36%\" data-object-fit=\"cover\" data-object-position=\"56% 36%\" srcset=\"https:\/\/openheartfield.com\/wp-content\/uploads\/2024\/10\/poppies_nature_flowers_light-scaled.jpg 2560w, https:\/\/openheartfield.com\/wp-content\/uploads\/2024\/10\/poppies_nature_flowers_light-300x214.jpg 300w, https:\/\/openheartfield.com\/wp-content\/uploads\/2024\/10\/poppies_nature_flowers_light-1024x730.jpg 1024w, https:\/\/openheartfield.com\/wp-content\/uploads\/2024\/10\/poppies_nature_flowers_light-768x547.jpg 768w, https:\/\/openheartfield.com\/wp-content\/uploads\/2024\/10\/poppies_nature_flowers_light-1536x1095.jpg 1536w, https:\/\/openheartfield.com\/wp-content\/uploads\/2024\/10\/poppies_nature_flowers_light-2048x1460.jpg 2048w, https:\/\/openheartfield.com\/wp-content\/uploads\/2024\/10\/poppies_nature_flowers_light-1320x941.jpg 1320w, https:\/\/openheartfield.com\/wp-content\/uploads\/2024\/10\/poppies_nature_flowers_light-600x428.jpg 600w\" sizes=\"(max-width: 2560px) 100vw, 2560px\" \/><div class=\"wp-block-cover__inner-container is-layout-flow wp-block-cover-is-layout-flow\"><div class=\"wp-block-group is-content-justification-left is-layout-constrained wp-container-core-group-is-layout-1 wp-block-group-is-layout-constrained\"><h2 class=\"wp-block-heading has-text-align-left has-white-color has-text-color\" style=\"font-size:100px;font-style:normal;font-weight:700;letter-spacing:0px;line-height:1;text-transform:uppercase\">Palaikymo Sesijos<\/h2><\/div><\/div><\/div><p><\/p><div style=\"height:100px\" aria-hidden=\"true\" class=\"wp-block-spacer\"><\/div><div class=\"wp-block-uagb-container uagb-block-f112bf2b alignfull uagb-is-root-container\"><div class=\"uagb-container-inner-blocks-wrap\"><div class=\"wp-block-uagb-container uagb-block-a4a039c8\"><div class=\"wp-block-uagb-image uagb-block-b889bf5a wp-block-uagb-image--layout-default wp-block-uagb-image--effect-static wp-block-uagb-image--align-none\"><figure class=\"wp-block-uagb-image__figure\"><img loading=\"lazy\" decoding=\"async\" srcset=\"https:\/\/openheartfield.com\/wp-content\/uploads\/2024\/10\/eefe-2-695x1024.jpg ,https:\/\/openheartfield.com\/wp-content\/uploads\/2024\/10\/eefe-2.jpg 780w, https:\/\/openheartfield.com\/wp-content\/uploads\/2024\/10\/eefe-2.jpg 360w\" sizes=\"(max-width: 480px) 150px\" src=\"https:\/\/openheartfield.com\/wp-content\/uploads\/2024\/10\/eefe-2-695x1024.jpg\" alt=\"\" class=\"uag-image-2486\" width=\"1661\" height=\"2446\" title=\"eefe-2\" role=\"img\"\/><\/figure><\/div><\/div>\n\n<div class=\"wp-block-uagb-container uagb-block-c262ea99\"><div class=\"wp-block-uagb-advanced-heading uagb-block-9e22c83f\"><h2 class=\"uagb-heading-text\">Palaikymo Sesijos<\/h2><\/div>\n\n<p style=\"font-size:18px\"> Individualios palaikymo sesijos, kurios suteikia erdv\u0119 j\u016bs\u0173 poreikiams, augimui, transformacijai, poilsiui, k\u016brybi\u0161kumui, \u012fgalinimui, ai\u0161kumui, gydymui... A\u0161 klausausi dabartinio momento, j\u016bs\u0173 min\u010di\u0173, k\u016bno, jausm\u0173, poj\u016b\u010di\u0173, poreiki\u0173.<\/p>\n\n<p style=\"font-size:18px\">\u0160ios sesijos gali palaikyti jus gyvenimo kelion\u0117je, sprend\u017eiant \u012fvairius aspektus, priklausomai nuo to, kur jau\u010diate did\u017eiausi\u0105 poreik\u012f\u2014tai gali b\u016bti j\u016bs\u0173 santykiai su savimi, kitais, karjera, \u012fgalinimas, finansai, \u0161eima, nei\u0161spr\u0119sti praeities sunkumai, sveikata ar kiti asmeniniai i\u0161\u0161\u016bkiai.<\/p>\n\n<p style=\"font-size:18px\">Si\u016blau savo palaikym\u0105, klausym\u0105, gaires, galb\u016bt meditacij\u0105, dain\u0105, meno pratim\u0105 ar k\u016bno pratim\u0105. Klausausi savo intuicijos ir \u012fg\u016bd\u017ei\u0173, kuriuos \u012fgijau i\u0161 \u012fvairi\u0173 praktik\u0173, toki\u0173 kaip \u0161eimos konsteliacijos, integruota k\u016bno terapija, menas, ir vedu jus per \u0161i\u0105 transformacin\u0119 kelion\u0119. <\/p>\n\n<p style=\"font-size:18px\">Kartu mes dirbame, kad paleistume emocinius blokus, leistume tek\u0117ti emocijoms, atskleistume pasl\u0117ptus jums netarnaujan\u010dius modelius ir skatintume giliau sujungti su savimi, remdami autenti\u0161k\u0105, intym\u0173 ry\u0161\u012f su savimi, \u017emon\u0117mis gyvenimu.<\/p>\n\n<p style=\"font-size:18px\">Palaikymo sesijos kaina yra 40 EUR, ir kiekviena sesija trunka 1 valand\u0105. Susisiekite su manimi, jei norite u\u017esisakyti sesij\u0105.<\/p>\n\n<div class=\"wp-block-buttons is-layout-flex wp-block-buttons-is-layout-flex\"><div class=\"wp-block-button\"><a class=\"wp-block-button__link wp-element-button\" href=\"https:\/\/openheartfield.com\/lt\/contact\/\">U\u017esisakyti Sesij\u0105<\/a><\/div><\/div><\/div><\/div><\/div>","protected":false},"excerpt":{"rendered":"<p>Support Sessions Individual support sessions that are held and nurturing space for your needs, growth, transformation, rest, creativity, empowerment, clarity, healing&#8230; I listen to the present moment, to your thoughts, your body, feelings, sensations. These sessions can support you on your life journey, addressing various aspects depending on where you feel the most need\u2014whether it&#8217;s your relationship with yourself, others, your career, empowerment, finances, family, unresolved past burdens, health, or other personal challenges. I offer my holding, listening, guidance, maybe a meditation, or a song, or an art exercise, a body exercise. I listen to my intuition and skills that I gained from the variety of practices like family constellations, integrated body therapy, art and guide you through this journey. Together, we work to release emotional blockages, uncover hidden patterns, and foster deeper connections within yourself and your relationships, supporting authentic, intimate connection with life. The cost of a support session is 40 EUR, and each session lasts 1 hour. Contact me if you&#8217;d like to book a session.<\/p>","protected":false},"author":1,"featured_media":0,"parent":0,"menu_order":0,"comment_status":"closed","ping_status":"closed","template":"","meta":{"_uag_custom_page_level_css":"","_monsterinsights_skip_tracking":false,"_monsterinsights_sitenote_active":false,"_monsterinsights_sitenote_note":"","_monsterinsights_sitenote_category":0,"site-sidebar-layout":"default","site-content-layout":"","ast-site-content-layout":"default","site-content-style":"default","site-sidebar-style":"default","ast-global-header-display":"","ast-banner-title-visibility":"","ast-main-header-display":"","ast-hfb-above-header-display":"","ast-hfb-below-header-display":"","ast-hfb-mobile-header-display":"","site-post-title":"disabled","ast-breadcrumbs-content":"","ast-featured-img":"","footer-sml-layout":"","theme-transparent-header-meta":"","adv-header-id-meta":"","stick-header-meta":"","header-above-stick-meta":"","header-main-stick-meta":"","header-below-stick-meta":"","astra-migrate-meta-layouts":"set","ast-page-background-enabled":"default","ast-page-background-meta":{"desktop":{"background-color":"var(--ast-global-color-4)","background-image":"","background-repeat":"repeat","background-position":"center center","background-size":"auto","background-attachment":"scroll","background-type":"","background-media":"","overlay-type":"","overlay-color":"","overlay-opacity":"","overlay-gradient":""},"tablet":{"background-color":"","background-image":"","background-repeat":"repeat","background-position":"center center","background-size":"auto","background-attachment":"scroll","background-type":"","background-media":"","overlay-type":"","overlay-color":"","overlay-opacity":"","overlay-gradient":""},"mobile":{"background-color":"","background-image":"","background-repeat":"repeat","background-position":"center center","background-size":"auto","background-attachment":"scroll","background-type":"","background-media":"","overlay-type":"","overlay-color":"","overlay-opacity":"","overlay-gradient":""}},"ast-content-background-meta":{"desktop":{"background-color":"var(--ast-global-color-5)","background-image":"","background-repeat":"repeat","background-position":"center center","background-size":"auto","background-attachment":"scroll","background-type":"","background-media":"","overlay-type":"","overlay-color":"","overlay-opacity":"","overlay-gradient":""},"tablet":{"background-color":"var(--ast-global-color-5)","background-image":"","background-repeat":"repeat","background-position":"center center","background-size":"auto","background-attachment":"scroll","background-type":"","background-media":"","overlay-type":"","overlay-color":"","overlay-opacity":"","overlay-gradient":""},"mobile":{"background-color":"var(--ast-global-color-5)","background-image":"","background-repeat":"repeat","background-position":"center center","background-size":"auto","background-attachment":"scroll","background-type":"","background-media":"","overlay-type":"","overlay-color":"","overlay-opacity":"","overlay-gradient":""}},"_vp_format_video_url":"","_vp_image_focal_point":[],"footnotes":""},"class_list":["post-2393","page","type-page","status-publish","hentry"],"aioseo_notices":[],"uagb_featured_image_src":{"full":false,"thumbnail":false,"medium":false,"medium_large":false,"large":false,"1536x1536":false,"2048x2048":false,"trp-custom-language-flag":false,"ultp_layout_landscape_large":false,"ultp_layout_landscape":false,"ultp_layout_portrait":false,"ultp_layout_square":false,"vp_sm":false,"vp_md":false,"vp_lg":false,"vp_xl":false,"vp_sm_popup":false,"vp_md_popup":false,"vp_xl_popup":false,"woocommerce_thumbnail":false,"woocommerce_single":false,"woocommerce_gallery_thumbnail":false},"uagb_author_info":{"display_name":"lietaussaule@gmail.com","author_link":"https:\/\/openheartfield.com\/lt\/author\/lietaussaulegmail-com\/"},"uagb_comment_info":0,"uagb_excerpt":"Support Sessions Individual support sessions that are held and nurturing space for your needs, growth, transformation, rest, creativity, empowerment, clarity, healing&#8230; I listen to the present moment, to your thoughts, your body, feelings, sensations. These sessions can support you on your life journey, addressing various aspects depending on where you feel the most need\u2014whether it&#8217;s&hellip;","_links":{"self":[{"href":"https:\/\/openheartfield.com\/lt\/wp-json\/wp\/v2\/pages\/2393"}],"collection":[{"href":"https:\/\/openheartfield.com\/lt\/wp-json\/wp\/v2\/pages"}],"about":[{"href":"https:\/\/openheartfield.com\/lt\/wp-json\/wp\/v2\/types\/page"}],"author":[{"embeddable":true,"href":"https:\/\/openheartfield.com\/lt\/wp-json\/wp\/v2\/users\/1"}],"replies":[{"embeddable":true,"href":"https:\/\/openheartfield.com\/lt\/wp-json\/wp\/v2\/comments?post=2393"}],"version-history":[{"count":5,"href":"https:\/\/openheartfield.com\/lt\/wp-json\/wp\/v2\/pages\/2393\/revisions"}],"predecessor-version":[{"id":2645,"href":"https:\/\/openheartfield.com\/lt\/wp-json\/wp\/v2\/pages\/2393\/revisions\/2645"}],"wp:attachment":[{"href":"https:\/\/openheartfield.com\/lt\/wp-json\/wp\/v2\/media?parent=2393"}],"curies":[{"name":"wp","href":"https:\/\/api.w.org\/{rel}","templated":true}]}}