{"id":2733,"date":"2024-10-29T12:53:02","date_gmt":"2024-10-29T12:53:02","guid":{"rendered":"https:\/\/openheartfield.com\/?page_id=2733"},"modified":"2024-10-29T12:53:03","modified_gmt":"2024-10-29T12:53:03","slug":"i-ching-oracle-reading","status":"publish","type":"page","link":"https:\/\/openheartfield.com\/lt\/i-ching-oracle-reading\/","title":{"rendered":"I Ching Orakulo Skaitymas"},"content":{"rendered":"<div class=\"wp-block-cover alignfull wp-duotone-unset-1\" style=\"margin-top:0;padding-top:48px;padding-right:48px;padding-bottom:48px;padding-left:48px;min-height:66vh;aspect-ratio:unset;\"><span aria-hidden=\"true\" class=\"wp-block-cover__background has-background-dim-30 has-background-dim\" style=\"background-color:#a16529\"><\/span><img fetchpriority=\"high\" decoding=\"async\" width=\"2560\" height=\"1919\" class=\"wp-block-cover__image-background wp-image-2734\" alt=\"\" src=\"https:\/\/openheartfield.com\/wp-content\/uploads\/2024\/10\/tianhao-zhang-YdRIRl7Ic4o-unsplash-scaled.jpg\" data-object-fit=\"cover\" srcset=\"https:\/\/openheartfield.com\/wp-content\/uploads\/2024\/10\/tianhao-zhang-YdRIRl7Ic4o-unsplash-scaled.jpg 2560w, https:\/\/openheartfield.com\/wp-content\/uploads\/2024\/10\/tianhao-zhang-YdRIRl7Ic4o-unsplash-300x225.jpg 300w, https:\/\/openheartfield.com\/wp-content\/uploads\/2024\/10\/tianhao-zhang-YdRIRl7Ic4o-unsplash-1024x768.jpg 1024w, https:\/\/openheartfield.com\/wp-content\/uploads\/2024\/10\/tianhao-zhang-YdRIRl7Ic4o-unsplash-768x576.jpg 768w, https:\/\/openheartfield.com\/wp-content\/uploads\/2024\/10\/tianhao-zhang-YdRIRl7Ic4o-unsplash-1536x1151.jpg 1536w, https:\/\/openheartfield.com\/wp-content\/uploads\/2024\/10\/tianhao-zhang-YdRIRl7Ic4o-unsplash-2048x1535.jpg 2048w, https:\/\/openheartfield.com\/wp-content\/uploads\/2024\/10\/tianhao-zhang-YdRIRl7Ic4o-unsplash-500x375.jpg 500w, https:\/\/openheartfield.com\/wp-content\/uploads\/2024\/10\/tianhao-zhang-YdRIRl7Ic4o-unsplash-800x600.jpg 800w, https:\/\/openheartfield.com\/wp-content\/uploads\/2024\/10\/tianhao-zhang-YdRIRl7Ic4o-unsplash-1280x959.jpg 1280w, https:\/\/openheartfield.com\/wp-content\/uploads\/2024\/10\/tianhao-zhang-YdRIRl7Ic4o-unsplash-1920x1439.jpg 1920w, https:\/\/openheartfield.com\/wp-content\/uploads\/2024\/10\/tianhao-zhang-YdRIRl7Ic4o-unsplash-600x450.jpg 600w\" sizes=\"(max-width: 2560px) 100vw, 2560px\" \/><div class=\"wp-block-cover__inner-container is-layout-flow wp-block-cover-is-layout-flow\"><div class=\"wp-block-group is-content-justification-left is-layout-constrained wp-container-core-group-is-layout-1 wp-block-group-is-layout-constrained\"><h2 class=\"wp-block-heading has-text-align-left has-white-color has-text-color\" style=\"font-size:100px;font-style:normal;font-weight:700;letter-spacing:0px;line-height:1;text-transform:uppercase\">I Ching Orakulo Skaitymas<\/h2><\/div>\n\n<div class=\"wp-block-buttons is-content-justification-left is-nowrap is-layout-flex wp-container-core-buttons-is-layout-1 wp-block-buttons-is-layout-flex\"><div class=\"wp-block-button has-custom-font-size is-style-outline is-style-outline--d2052b5dd2a73daab8c65903551d4732\" style=\"font-size:16px;font-style:normal;font-weight:600;letter-spacing:0px;text-transform:uppercase\"><a class=\"wp-block-button__link has-white-color has-text-color wp-element-button\" href=\"https:\/\/openheartfield.com\/lt\/contact\/\" style=\"padding-top:24px;padding-right:48px;padding-bottom:24px;padding-left:48px\">U\u017esisakyti Skaitym\u0105<\/a><\/div><\/div><\/div><\/div><p><\/p><div style=\"height:100px\" aria-hidden=\"true\" class=\"wp-block-spacer\"><\/div><div class=\"wp-block-uagb-container uagb-block-62c038e8 alignfull uagb-is-root-container\"><div class=\"uagb-container-inner-blocks-wrap\"><div class=\"wp-block-uagb-container uagb-block-87b14f5b\"><figure class=\"wp-block-image size-large\"><img decoding=\"async\" width=\"682\" height=\"1024\" src=\"https:\/\/openheartfield.com\/wp-content\/uploads\/2024\/10\/annie-spratt-rdVLN3UFmpU-unsplash-682x1024.jpg\" alt=\"\" class=\"wp-image-2735\" srcset=\"https:\/\/openheartfield.com\/wp-content\/uploads\/2024\/10\/annie-spratt-rdVLN3UFmpU-unsplash-682x1024.jpg 682w, https:\/\/openheartfield.com\/wp-content\/uploads\/2024\/10\/annie-spratt-rdVLN3UFmpU-unsplash-200x300.jpg 200w, https:\/\/openheartfield.com\/wp-content\/uploads\/2024\/10\/annie-spratt-rdVLN3UFmpU-unsplash-768x1154.jpg 768w, https:\/\/openheartfield.com\/wp-content\/uploads\/2024\/10\/annie-spratt-rdVLN3UFmpU-unsplash-1022x1536.jpg 1022w, https:\/\/openheartfield.com\/wp-content\/uploads\/2024\/10\/annie-spratt-rdVLN3UFmpU-unsplash-1363x2048.jpg 1363w, https:\/\/openheartfield.com\/wp-content\/uploads\/2024\/10\/annie-spratt-rdVLN3UFmpU-unsplash-500x751.jpg 500w, https:\/\/openheartfield.com\/wp-content\/uploads\/2024\/10\/annie-spratt-rdVLN3UFmpU-unsplash-800x1202.jpg 800w, https:\/\/openheartfield.com\/wp-content\/uploads\/2024\/10\/annie-spratt-rdVLN3UFmpU-unsplash-1280x1923.jpg 1280w, https:\/\/openheartfield.com\/wp-content\/uploads\/2024\/10\/annie-spratt-rdVLN3UFmpU-unsplash-1920x2885.jpg 1920w, https:\/\/openheartfield.com\/wp-content\/uploads\/2024\/10\/annie-spratt-rdVLN3UFmpU-unsplash-600x902.jpg 600w, https:\/\/openheartfield.com\/wp-content\/uploads\/2024\/10\/annie-spratt-rdVLN3UFmpU-unsplash-scaled.jpg 1704w\" sizes=\"(max-width: 682px) 100vw, 682px\" \/><\/figure><\/div>\n\n<div class=\"wp-block-uagb-container uagb-block-8aafe3c7\"><div class=\"wp-block-uagb-advanced-heading uagb-block-01b274d2\"><h2 class=\"uagb-heading-text\">I Ching Orakulo Skaitymas<\/h2><\/div>\n\n<p>I Ching yra seniausia ir pa\u017eangiausia pasaulio i\u0161minties prana\u0161yst\u0117s sistema, kuri gali pad\u0117ti ir vesti jus gyvenimo kelion\u0117je. I Ching skaitymas yra prana\u0161yst\u0117s forma, naudojanti senovin\u012f kin\u0173 tekst\u0105 \u201ePoky\u010di\u0173 knyga\u201c, kad suteikt\u0173 gaires ir \u012f\u017evalgas j\u016bs\u0173 gyvenimo kelion\u0117je.\u00a0<em>Book of Changes<\/em>, to provide guidance and insight.<\/p>\n\n<p> Per proces\u0105, kuriame naudojame monetas, sukuriate heksagram\u0105 \u2013 \u0161e\u0161i\u0173 eilu\u010di\u0173 fig\u016br\u0105, atspindin\u010di\u0105 Yin ir Yang energij\u0173 \u012fvairias kombinacijas. Kiekviena heksagrama atitinka tam tikr\u0105 mokym\u0173, patarim\u0173 ir simbolini\u0173 reik\u0161mi\u0173 rinkin\u012f, kuris atskleid\u017eia j\u016bs\u0173 klausimo ar situacijos aspektus.<\/p>\n\n<p> I Ching skaitymas si\u016blo i\u0161mint\u012f, padedan\u010di\u0105 naviguoti per gyvenimo poky\u010dius, skatindamas apm\u0105stymus ir padedantis rasti ai\u0161kum\u0105 neapibr\u0117\u017etumo laikotarpiais. Jis tur\u0117jo nepaprast\u0105 \u012ftak\u0105 ir palaikym\u0105 mano gyvenime. I Ching yra labai sena ir galinga dvasia, kuri gali pad\u0117ti vesti jus poky\u010di\u0173 laikais. <\/p>\n\n<p>Skaitymo kaina yra 30 EUR. Susisiekite su manimi, jei norite u\u017esisakyti skaitym\u0105.<\/p>\n\n<div class=\"wp-block-buttons is-layout-flex wp-block-buttons-is-layout-flex\"><div class=\"wp-block-button\"><a class=\"wp-block-button__link wp-element-button\" href=\"https:\/\/openheartfield.com\/lt\/contact\/\">U\u017esisakyti Skaitym\u0105<\/a><\/div><\/div><\/div><\/div><\/div>","protected":false},"excerpt":{"rendered":"<p>I Ching Oracle Reading I Ching is the world\u2019s oldest and most sophisticated system of wisdom divination that can help and guide you on the journey of life. An I Ching reading is a form of divination that uses the ancient Chinese text, the\u00a0Book of Changes, to provide guidance and insight. Through a process involving coins you create a hexagram\u2014a six-line figure representing Yin and Yang energies in various combinations. Each hexagram corresponds to a set of teachings, advice, and symbolic meanings that reflect aspects of your question or situation. I Ching reading offers wisdom for navigating life\u2019s changes, encouraging reflection and helping you find clarity in times of uncertainty. It has had incredible influence and support in my life. I Ching is a very ancient and powerful spirit that can help to guide you in times of change. Reading price is 30eur. Contact me to book a reading.<\/p>","protected":false},"author":1,"featured_media":0,"parent":0,"menu_order":0,"comment_status":"closed","ping_status":"closed","template":"","meta":{"_uag_custom_page_level_css":"","_monsterinsights_skip_tracking":false,"_monsterinsights_sitenote_active":false,"_monsterinsights_sitenote_note":"","_monsterinsights_sitenote_category":0,"site-sidebar-layout":"default","site-content-layout":"","ast-site-content-layout":"default","site-content-style":"default","site-sidebar-style":"default","ast-global-header-display":"","ast-banner-title-visibility":"","ast-main-header-display":"","ast-hfb-above-header-display":"","ast-hfb-below-header-display":"","ast-hfb-mobile-header-display":"","site-post-title":"disabled","ast-breadcrumbs-content":"","ast-featured-img":"","footer-sml-layout":"","theme-transparent-header-meta":"","adv-header-id-meta":"","stick-header-meta":"","header-above-stick-meta":"","header-main-stick-meta":"","header-below-stick-meta":"","astra-migrate-meta-layouts":"set","ast-page-background-enabled":"default","ast-page-background-meta":{"desktop":{"background-color":"var(--ast-global-color-4)","background-image":"","background-repeat":"repeat","background-position":"center center","background-size":"auto","background-attachment":"scroll","background-type":"","background-media":"","overlay-type":"","overlay-color":"","overlay-opacity":"","overlay-gradient":""},"tablet":{"background-color":"","background-image":"","background-repeat":"repeat","background-position":"center center","background-size":"auto","background-attachment":"scroll","background-type":"","background-media":"","overlay-type":"","overlay-color":"","overlay-opacity":"","overlay-gradient":""},"mobile":{"background-color":"","background-image":"","background-repeat":"repeat","background-position":"center center","background-size":"auto","background-attachment":"scroll","background-type":"","background-media":"","overlay-type":"","overlay-color":"","overlay-opacity":"","overlay-gradient":""}},"ast-content-background-meta":{"desktop":{"background-color":"var(--ast-global-color-5)","background-image":"","background-repeat":"repeat","background-position":"center center","background-size":"auto","background-attachment":"scroll","background-type":"","background-media":"","overlay-type":"","overlay-color":"","overlay-opacity":"","overlay-gradient":""},"tablet":{"background-color":"var(--ast-global-color-5)","background-image":"","background-repeat":"repeat","background-position":"center center","background-size":"auto","background-attachment":"scroll","background-type":"","background-media":"","overlay-type":"","overlay-color":"","overlay-opacity":"","overlay-gradient":""},"mobile":{"background-color":"var(--ast-global-color-5)","background-image":"","background-repeat":"repeat","background-position":"center center","background-size":"auto","background-attachment":"scroll","background-type":"","background-media":"","overlay-type":"","overlay-color":"","overlay-opacity":"","overlay-gradient":""}},"_vp_format_video_url":"","_vp_image_focal_point":[],"footnotes":""},"class_list":["post-2733","page","type-page","status-publish","hentry"],"aioseo_notices":[],"uagb_featured_image_src":{"full":false,"thumbnail":false,"medium":false,"medium_large":false,"large":false,"1536x1536":false,"2048x2048":false,"trp-custom-language-flag":false,"ultp_layout_landscape_large":false,"ultp_layout_landscape":false,"ultp_layout_portrait":false,"ultp_layout_square":false,"vp_sm":false,"vp_md":false,"vp_lg":false,"vp_xl":false,"vp_sm_popup":false,"vp_md_popup":false,"vp_xl_popup":false,"woocommerce_thumbnail":false,"woocommerce_single":false,"woocommerce_gallery_thumbnail":false},"uagb_author_info":{"display_name":"lietaussaule@gmail.com","author_link":"https:\/\/openheartfield.com\/lt\/author\/lietaussaulegmail-com\/"},"uagb_comment_info":0,"uagb_excerpt":"I Ching Oracle Reading I Ching is the world\u2019s oldest and most sophisticated system of wisdom divination that can help and guide you on the journey of life. An I Ching reading is a form of divination that uses the ancient Chinese text, the\u00a0Book of Changes, to provide guidance and insight. Through a process involving&hellip;","_links":{"self":[{"href":"https:\/\/openheartfield.com\/lt\/wp-json\/wp\/v2\/pages\/2733"}],"collection":[{"href":"https:\/\/openheartfield.com\/lt\/wp-json\/wp\/v2\/pages"}],"about":[{"href":"https:\/\/openheartfield.com\/lt\/wp-json\/wp\/v2\/types\/page"}],"author":[{"embeddable":true,"href":"https:\/\/openheartfield.com\/lt\/wp-json\/wp\/v2\/users\/1"}],"replies":[{"embeddable":true,"href":"https:\/\/openheartfield.com\/lt\/wp-json\/wp\/v2\/comments?post=2733"}],"version-history":[{"count":1,"href":"https:\/\/openheartfield.com\/lt\/wp-json\/wp\/v2\/pages\/2733\/revisions"}],"predecessor-version":[{"id":2736,"href":"https:\/\/openheartfield.com\/lt\/wp-json\/wp\/v2\/pages\/2733\/revisions\/2736"}],"wp:attachment":[{"href":"https:\/\/openheartfield.com\/lt\/wp-json\/wp\/v2\/media?parent=2733"}],"curies":[{"name":"wp","href":"https:\/\/api.w.org\/{rel}","templated":true}]}}