{"id":2752,"date":"2024-11-05T14:43:05","date_gmt":"2024-11-05T14:43:05","guid":{"rendered":"https:\/\/openheartfield.com\/?page_id=2752"},"modified":"2024-11-05T15:11:14","modified_gmt":"2024-11-05T15:11:14","slug":"art-lessons","status":"publish","type":"page","link":"https:\/\/openheartfield.com\/lt\/art-lessons\/","title":{"rendered":"Meno Pamokos"},"content":{"rendered":"<div class=\"wp-block-cover alignfull is-light wp-duotone-unset-1\" style=\"margin-top:0;padding-top:48px;padding-right:48px;padding-bottom:48px;padding-left:48px;min-height:66vh;aspect-ratio:unset;\"><span aria-hidden=\"true\" class=\"wp-block-cover__background has-background-dim-30 has-background-dim\" style=\"background-color:#e6e3d1\"><\/span><img fetchpriority=\"high\" decoding=\"async\" width=\"1710\" height=\"2560\" class=\"wp-block-cover__image-background wp-image-2753\" alt=\"\" src=\"https:\/\/openheartfield.com\/wp-content\/uploads\/2024\/11\/boston-public-library-_f9cP4_unmg-unsplash-scaled.jpg\" style=\"object-position:51% 71%\" data-object-fit=\"cover\" data-object-position=\"51% 71%\" srcset=\"https:\/\/openheartfield.com\/wp-content\/uploads\/2024\/11\/boston-public-library-_f9cP4_unmg-unsplash-scaled.jpg 1710w, https:\/\/openheartfield.com\/wp-content\/uploads\/2024\/11\/boston-public-library-_f9cP4_unmg-unsplash-200x300.jpg 200w, https:\/\/openheartfield.com\/wp-content\/uploads\/2024\/11\/boston-public-library-_f9cP4_unmg-unsplash-684x1024.jpg 684w, https:\/\/openheartfield.com\/wp-content\/uploads\/2024\/11\/boston-public-library-_f9cP4_unmg-unsplash-768x1150.jpg 768w, https:\/\/openheartfield.com\/wp-content\/uploads\/2024\/11\/boston-public-library-_f9cP4_unmg-unsplash-1026x1536.jpg 1026w, https:\/\/openheartfield.com\/wp-content\/uploads\/2024\/11\/boston-public-library-_f9cP4_unmg-unsplash-1368x2048.jpg 1368w, https:\/\/openheartfield.com\/wp-content\/uploads\/2024\/11\/boston-public-library-_f9cP4_unmg-unsplash-500x748.jpg 500w, https:\/\/openheartfield.com\/wp-content\/uploads\/2024\/11\/boston-public-library-_f9cP4_unmg-unsplash-800x1198.jpg 800w, https:\/\/openheartfield.com\/wp-content\/uploads\/2024\/11\/boston-public-library-_f9cP4_unmg-unsplash-1280x1916.jpg 1280w, https:\/\/openheartfield.com\/wp-content\/uploads\/2024\/11\/boston-public-library-_f9cP4_unmg-unsplash-1920x2874.jpg 1920w, https:\/\/openheartfield.com\/wp-content\/uploads\/2024\/11\/boston-public-library-_f9cP4_unmg-unsplash-600x898.jpg 600w\" sizes=\"(max-width: 1710px) 100vw, 1710px\" \/><div class=\"wp-block-cover__inner-container is-layout-flow wp-block-cover-is-layout-flow\"><div class=\"wp-block-group is-content-justification-left is-layout-constrained wp-container-core-group-is-layout-1 wp-block-group-is-layout-constrained\"><h2 class=\"wp-block-heading has-text-align-left has-ast-global-color-2-color has-text-color\" style=\"font-size:100px;font-style:normal;font-weight:700;letter-spacing:0px;line-height:1;text-transform:uppercase\">Meno Pamokos<\/h2><\/div>\n\n<div class=\"wp-block-buttons is-content-justification-left is-nowrap is-layout-flex wp-container-core-buttons-is-layout-1 wp-block-buttons-is-layout-flex\"><div class=\"wp-block-button has-custom-font-size is-style-outline is-style-outline--4e53f7e18e3dc52631dc6c79f876d064\" style=\"font-size:16px;font-style:normal;font-weight:600;letter-spacing:0px;text-transform:uppercase\"><a class=\"wp-block-button__link has-white-color has-text-color wp-element-button\" href=\"https:\/\/openheartfield.com\/lt\/contact\/\" style=\"padding-top:24px;padding-right:48px;padding-bottom:24px;padding-left:48px\">U\u017esisakyti Pamok\u0105<\/a><\/div><\/div><\/div><\/div><div style=\"height:100px\" aria-hidden=\"true\" class=\"wp-block-spacer\"><\/div><div class=\"wp-block-uagb-container uagb-block-f9c934e1 alignfull uagb-is-root-container\"><div class=\"uagb-container-inner-blocks-wrap\"><div class=\"wp-block-uagb-container uagb-block-b1d9a82e\"><figure class=\"wp-block-image size-large\"><img decoding=\"async\" width=\"720\" height=\"1024\" src=\"https:\/\/openheartfield.com\/wp-content\/uploads\/2024\/11\/europeana-6c43FgRt0Dw-unsplash-720x1024.jpg\" alt=\"\" class=\"wp-image-2756\" srcset=\"https:\/\/openheartfield.com\/wp-content\/uploads\/2024\/11\/europeana-6c43FgRt0Dw-unsplash-720x1024.jpg 720w, https:\/\/openheartfield.com\/wp-content\/uploads\/2024\/11\/europeana-6c43FgRt0Dw-unsplash-211x300.jpg 211w, https:\/\/openheartfield.com\/wp-content\/uploads\/2024\/11\/europeana-6c43FgRt0Dw-unsplash-768x1093.jpg 768w, https:\/\/openheartfield.com\/wp-content\/uploads\/2024\/11\/europeana-6c43FgRt0Dw-unsplash-1080x1536.jpg 1080w, https:\/\/openheartfield.com\/wp-content\/uploads\/2024\/11\/europeana-6c43FgRt0Dw-unsplash-1439x2048.jpg 1439w, https:\/\/openheartfield.com\/wp-content\/uploads\/2024\/11\/europeana-6c43FgRt0Dw-unsplash-500x711.jpg 500w, https:\/\/openheartfield.com\/wp-content\/uploads\/2024\/11\/europeana-6c43FgRt0Dw-unsplash-800x1138.jpg 800w, https:\/\/openheartfield.com\/wp-content\/uploads\/2024\/11\/europeana-6c43FgRt0Dw-unsplash-1280x1821.jpg 1280w, https:\/\/openheartfield.com\/wp-content\/uploads\/2024\/11\/europeana-6c43FgRt0Dw-unsplash-1920x2732.jpg 1920w, https:\/\/openheartfield.com\/wp-content\/uploads\/2024\/11\/europeana-6c43FgRt0Dw-unsplash-600x854.jpg 600w, https:\/\/openheartfield.com\/wp-content\/uploads\/2024\/11\/europeana-6c43FgRt0Dw-unsplash-scaled.jpg 1799w\" sizes=\"(max-width: 720px) 100vw, 720px\" \/><\/figure><\/div>\n\n<div class=\"wp-block-uagb-container uagb-block-18924a01\"><div class=\"wp-block-uagb-advanced-heading uagb-block-1a177339\"><h2 class=\"uagb-heading-text\">Klasikinio Meno Pamokos<\/h2><\/div>\n\n<p class=\"has-medium-font-size\">Tur\u0117jau galimyb\u0119 studijuoti klasikin\u012f ir akademin\u012f men\u0105 su kai kuriais geriausiais pasaulio mokytojais, dirban\u010diais klasikinio tapybos ir pie\u0161imo srityje. Perdodu \u012fgytas \u017einias ir \u012fg\u016bd\u017eius bei si\u016blau priva\u010dias meno pamokas tiems, kurie nori prad\u0117ti ar t\u0119sti magi\u0161k\u0105 kelion\u0119 \u012f men\u0105, mokydamiesi auk\u0161tos kokyb\u0117s \u012fg\u016bd\u017ei\u0173 klasikin\u0117je tapyboje ir pie\u0161ime. <\/p>\n\n<p class=\"has-medium-font-size\">Si\u016blau portret\u0173, peiza\u017e\u0173, gyv\u016bn\u0173, augal\u0173, pastat\u0173, kompozicijos, natiurmort\u0173, g\u0117li\u0173 ir kt. pamokas. Mes sutelksime d\u0117mes\u012f \u012f tai, kas jus labiausiai traukia ir \u012fkvepia. Mokau pie\u0161imo ir tapybos \u012fg\u016bd\u017ei\u0173. Klasikin\u0117 tapyba ir pie\u0161imas gali b\u016bti puikus \u012frankis, padedantis sustiprinti j\u016bs\u0173 k\u016brybinius projektus. \u0160is mokymas skatina augim\u0105 daugelyje sri\u010di\u0173: jis lavina j\u016bs\u0173 m\u0105stym\u0105, rank\u0105, matymo ir steb\u0117jimo \u012fgud\u017eius, padeda kurti gyl\u012f j\u016bs\u0173 meniniame po\u017ei\u016bryje ir netgi kei\u010dia tai, kaip j\u016bs matote pasaul\u012f.<\/p>\n\n<p class=\"has-medium-font-size\">Pamokos kaina \u2013 30 EUR u\u017e valand\u0105. Pra\u0161ome susisiekti su manimi, kad susitartum\u0117te d\u0117l pamokos laiko. Pamokos gali b\u016bti teikiamos tiek internetu, tiek gyvai.<\/p>\n\n<div class=\"wp-block-buttons is-layout-flex wp-block-buttons-is-layout-flex\"><div class=\"wp-block-button\"><a class=\"wp-block-button__link wp-element-button\" href=\"https:\/\/openheartfield.com\/lt\/contact\/\">U\u017esisakyti Pamok\u0105<\/a><\/div><\/div><\/div><\/div><\/div><div style=\"height:100px\" aria-hidden=\"true\" class=\"wp-block-spacer\"><\/div><div class=\"wp-block-uagb-container uagb-block-495d5441 alignfull uagb-is-root-container\"><div class=\"uagb-container-inner-blocks-wrap\"><div class=\"wp-block-uagb-container uagb-block-f9159ed6\"><figure class=\"wp-block-image size-large is-resized\"><img decoding=\"async\" width=\"1024\" height=\"683\" src=\"https:\/\/openheartfield.com\/wp-content\/uploads\/2024\/10\/IMG_4258-1-1024x683.jpg\" alt=\"\" class=\"wp-image-2467\" style=\"width:571px;height:auto\" srcset=\"https:\/\/openheartfield.com\/wp-content\/uploads\/2024\/10\/IMG_4258-1-1024x683.jpg 1024w, https:\/\/openheartfield.com\/wp-content\/uploads\/2024\/10\/IMG_4258-1-300x200.jpg 300w, https:\/\/openheartfield.com\/wp-content\/uploads\/2024\/10\/IMG_4258-1-768x512.jpg 768w, https:\/\/openheartfield.com\/wp-content\/uploads\/2024\/10\/IMG_4258-1-1536x1024.jpg 1536w, https:\/\/openheartfield.com\/wp-content\/uploads\/2024\/10\/IMG_4258-1-2048x1365.jpg 2048w, https:\/\/openheartfield.com\/wp-content\/uploads\/2024\/10\/IMG_4258-1-1320x880.jpg 1320w, https:\/\/openheartfield.com\/wp-content\/uploads\/2024\/10\/IMG_4258-1-600x400.jpg 600w\" sizes=\"(max-width: 1024px) 100vw, 1024px\" \/><\/figure><\/div>\n\n<div class=\"wp-block-uagb-container uagb-block-57a45382\"><div class=\"wp-block-uagb-advanced-heading uagb-block-7dbd784f\"><h2 class=\"uagb-heading-text\">Santykis Per Men\u0105 Sesijos<\/h2><\/div>\n\n<p class=\"has-medium-font-size\">Si\u016blau priva\u010dias\u00a0<em>Santykis Per Men\u0105<\/em>\u00a0Si\u016blau priva\u010dias \u201eSantykis Per Men\u0105\u201c sesijas, kurias galima planuoti reguliariai arba kaip vienkartin\u0119 patirt\u012f. Skirtumas tarp \u0161i\u0173 sesij\u0173 ir klasikinio meno pamok\u0173 yra tas, kad \u0161ios sesijos skirtos labiau dirbti su j\u016bs\u0173 k\u016brybine, intuityvia puse, o ne tiek su akademiniais ir klasikiniais \u012fg\u016bd\u017eiais. \u0160iose sesijose sukuriu saugi\u0105 ir palaikan\u010di\u0105 erdv\u0119, kurioje galite augti, tyrin\u0117ti ir priimti savo vidin\u012f pasaul\u012f, kartu \u012fgyjant \u017eini\u0173 apie vizualiuosius menus.  Kartu pasineriame \u012f k\u016brybi\u0161kumo, vizij\u0173, spalv\u0173 ir form\u0173 pasaul\u012f, atrandant, kas jus \u012fkvepia ir skatina tiek mene, tiek gyvenime.<\/p>\n\n<p class=\"has-medium-font-size\">Mes tyrin\u0117sime, kas jus labiausiai palaiko \u2013 ar tai b\u016bt\u0173 laisvas k\u016brybi\u0161kumas, ar konkre\u010di\u0173 technik\u0173 mokymasis, pavyzd\u017eiui, kaip dirbti su spalvomis, med\u017eiagomis ir formomis, kad pasiektum\u0117te norimus rezultatus. Kiekviena privati sesija bus pritaikyta asmeni\u0161kai jums, atsi\u017evelgiant \u012f j\u016bs\u0173 poreikius, interesus ir tikslus. A\u0161 b\u016bsiu \u010dia, kad suteik\u010diau profesionalias gaires ir param\u0105 srityse, kurios traukia j\u016bs\u0173 d\u0117mes\u012f.<\/p>\n\n<p class=\"has-medium-font-size\">Privati sesija kainuoja 30 EUR, ir kiekviena sesija trunka vien\u0105 valand\u0105. Si\u016blomos nuolaidos tiems, kuriems j\u0173 reikia. Sesijos gali b\u016bti teikiamos tiek internetu, tiek gyvai. Susisiekite su manimi, kad susitartum\u0117te d\u0117l sesijos<\/p>\n\n<div class=\"wp-block-buttons is-layout-flex wp-block-buttons-is-layout-flex\"><div class=\"wp-block-button\"><a class=\"wp-block-button__link wp-element-button\" href=\"https:\/\/openheartfield.com\/lt\/contact\/\">U\u017esisakyti Sesij\u0105<\/a><\/div><\/div><\/div><\/div><\/div>","protected":false},"excerpt":{"rendered":"<p>Classical Art Lessons I had an opportunity to study Classical and Academic Art with some of the best teachers in the world of Classical painting and Drawing. I pass on the knowledge and skills I gained and offer Private Art Lessons for those who would like to embark on the magical journey of Art, learning high quality skills in Classical painting and Drawing. I offer lessons on portrait, landscape, animals, plants, buildings, composition, still lifes, flowers, etc&#8230; We would concentrate on what draws and attracts you the most. I teach drawing and painting skills. Classical painting and drawing can be a great tool to have to empower your creative projects. This training provides growth in so many aspects, it trains your thinking, your hand, your way of seeing and looking, it creates depth in your artistic approach and even how you see the world Lesson price is 30 eur. for an hour, please contact me to schedule a lesson. Available online and in person. Connection Through Art Sessions I offer private\u00a0Connection Through Art\u00a0sessions, which can be scheduled regularly or as a one-off experience. The difference between these sessions and Classical Art Lessons is that these sessions are designed to work more with your creative, intuitive side, we do not work that much on academic and classical skills. In these sessions, I create a safe, supportive space where you can grow, explore, and embrace your inner world while gaining knowledge in visual arts. Together, we dive into the world of creativity, visions, colors, and forms, discovering what inspires and drives you both in art and in life. We\u2019ll explore what feels most supportive for you, whether it\u2019s free-flowing creativity or learning specific techniques, such as how to work with colors, materials, and shapes to achieve your desired results. Each private session is designed personally for you, tailored to your needs, interests, and goals. I\u2019ll be there to offer my professional guidance and support in the areas that draw your focus. The price for a private session is 30 EUR, and each session lasts one hour. Concessions are available for those who need them. Available online and in person. Contact me to schedule a session.<\/p>","protected":false},"author":1,"featured_media":0,"parent":0,"menu_order":0,"comment_status":"closed","ping_status":"closed","template":"","meta":{"_uag_custom_page_level_css":"","_monsterinsights_skip_tracking":false,"_monsterinsights_sitenote_active":false,"_monsterinsights_sitenote_note":"","_monsterinsights_sitenote_category":0,"site-sidebar-layout":"default","site-content-layout":"","ast-site-content-layout":"default","site-content-style":"default","site-sidebar-style":"default","ast-global-header-display":"","ast-banner-title-visibility":"","ast-main-header-display":"","ast-hfb-above-header-display":"","ast-hfb-below-header-display":"","ast-hfb-mobile-header-display":"","site-post-title":"disabled","ast-breadcrumbs-content":"","ast-featured-img":"","footer-sml-layout":"","theme-transparent-header-meta":"","adv-header-id-meta":"","stick-header-meta":"","header-above-stick-meta":"","header-main-stick-meta":"","header-below-stick-meta":"","astra-migrate-meta-layouts":"set","ast-page-background-enabled":"default","ast-page-background-meta":{"desktop":{"background-color":"var(--ast-global-color-4)","background-image":"","background-repeat":"repeat","background-position":"center center","background-size":"auto","background-attachment":"scroll","background-type":"","background-media":"","overlay-type":"","overlay-color":"","overlay-opacity":"","overlay-gradient":""},"tablet":{"background-color":"","background-image":"","background-repeat":"repeat","background-position":"center center","background-size":"auto","background-attachment":"scroll","background-type":"","background-media":"","overlay-type":"","overlay-color":"","overlay-opacity":"","overlay-gradient":""},"mobile":{"background-color":"","background-image":"","background-repeat":"repeat","background-position":"center center","background-size":"auto","background-attachment":"scroll","background-type":"","background-media":"","overlay-type":"","overlay-color":"","overlay-opacity":"","overlay-gradient":""}},"ast-content-background-meta":{"desktop":{"background-color":"var(--ast-global-color-5)","background-image":"","background-repeat":"repeat","background-position":"center center","background-size":"auto","background-attachment":"scroll","background-type":"","background-media":"","overlay-type":"","overlay-color":"","overlay-opacity":"","overlay-gradient":""},"tablet":{"background-color":"var(--ast-global-color-5)","background-image":"","background-repeat":"repeat","background-position":"center center","background-size":"auto","background-attachment":"scroll","background-type":"","background-media":"","overlay-type":"","overlay-color":"","overlay-opacity":"","overlay-gradient":""},"mobile":{"background-color":"var(--ast-global-color-5)","background-image":"","background-repeat":"repeat","background-position":"center center","background-size":"auto","background-attachment":"scroll","background-type":"","background-media":"","overlay-type":"","overlay-color":"","overlay-opacity":"","overlay-gradient":""}},"_vp_format_video_url":"","_vp_image_focal_point":[],"footnotes":""},"class_list":["post-2752","page","type-page","status-publish","hentry"],"aioseo_notices":[],"uagb_featured_image_src":{"full":false,"thumbnail":false,"medium":false,"medium_large":false,"large":false,"1536x1536":false,"2048x2048":false,"trp-custom-language-flag":false,"ultp_layout_landscape_large":false,"ultp_layout_landscape":false,"ultp_layout_portrait":false,"ultp_layout_square":false,"vp_sm":false,"vp_md":false,"vp_lg":false,"vp_xl":false,"vp_sm_popup":false,"vp_md_popup":false,"vp_xl_popup":false,"woocommerce_thumbnail":false,"woocommerce_single":false,"woocommerce_gallery_thumbnail":false},"uagb_author_info":{"display_name":"lietaussaule@gmail.com","author_link":"https:\/\/openheartfield.com\/lt\/author\/lietaussaulegmail-com\/"},"uagb_comment_info":0,"uagb_excerpt":"Classical Art Lessons I had an opportunity to study Classical and Academic Art with some of the best teachers in the world of Classical painting and Drawing. I pass on the knowledge and skills I gained and offer Private Art Lessons for those who would like to embark on the magical journey of Art, learning&hellip;","_links":{"self":[{"href":"https:\/\/openheartfield.com\/lt\/wp-json\/wp\/v2\/pages\/2752"}],"collection":[{"href":"https:\/\/openheartfield.com\/lt\/wp-json\/wp\/v2\/pages"}],"about":[{"href":"https:\/\/openheartfield.com\/lt\/wp-json\/wp\/v2\/types\/page"}],"author":[{"embeddable":true,"href":"https:\/\/openheartfield.com\/lt\/wp-json\/wp\/v2\/users\/1"}],"replies":[{"embeddable":true,"href":"https:\/\/openheartfield.com\/lt\/wp-json\/wp\/v2\/comments?post=2752"}],"version-history":[{"count":6,"href":"https:\/\/openheartfield.com\/lt\/wp-json\/wp\/v2\/pages\/2752\/revisions"}],"predecessor-version":[{"id":2764,"href":"https:\/\/openheartfield.com\/lt\/wp-json\/wp\/v2\/pages\/2752\/revisions\/2764"}],"wp:attachment":[{"href":"https:\/\/openheartfield.com\/lt\/wp-json\/wp\/v2\/media?parent=2752"}],"curies":[{"name":"wp","href":"https:\/\/api.w.org\/{rel}","templated":true}]}}